{"id":4672,"date":"2023-05-05T14:32:27","date_gmt":"2023-05-05T12:32:27","guid":{"rendered":"https:\/\/assitej.pl\/contact\/"},"modified":"2023-06-28T14:53:35","modified_gmt":"2023-06-28T12:53:35","slug":"contact","status":"publish","type":"page","link":"https:\/\/assitej.pl\/en\/contact\/","title":{"rendered":"Contact"},"content":{"rendered":"<section class=\"wpb-content-wrapper\">[vc_section pix_over_visibility=&#8221;&#8221;][vc_row pix_particles_check=&#8221;&#8221;][vc_column width=&#8221;1\/2&#8243;]<div  class=\"pix-heading-el text-left  vc_custom_1683910110500\"><div><div class=\"slide-in-container\"><h5 class=\"text-primary font-weight-bold heading-text el-title_custom_color mb-12\" style=\"\" data-anim-type=\"\" data-anim-delay=\"0\">Polski O\u015brodek ASSITEJ<\/h5><\/div><\/div><\/div><div id=\"el1683909373886-42cfea0c-bb77\" class=\"pix-el-text   w-100  \" ><p class=\"\"><p><span style=\"color: #000000;\">ul. Lubelska 30\/32<\/span><br \/>\n<span style=\"color: #000000;\">03-802 Warszawa, Poland<\/span><\/p>\n<\/p><\/div>[\/vc_column][vc_column width=&#8221;1\/2&#8243;]<div id=\"el1683909396373-178a1157-2867\" class=\"pix-el-text   w-100  \" ><p class=\"\"><p><span style=\"color: #000000;\"><strong>Adres korespondencyjny:<\/strong><\/span><\/p>\n<p><span style=\"color: #000000;\">Polski O\u015brodek ASSITEJ<\/span><\/p>\n<p><span style=\"color: #000000;\">Pa\u0142ac Kultury i Nauki<\/span><br \/>\n<span style=\"color: #000000;\">pl. Defilad 1, lok. 809<\/span><br \/>\n<span style=\"color: #000000;\">00-110 Warszawa<\/span><\/p>\n<\/p><\/div>[\/vc_column][\/vc_row][vc_row pix_particles_check=&#8221;&#8221; css=&#8221;.vc_custom_1683909993831{padding-bottom: 20px !important;}&#8221;][vc_column]<div  class=\"pix-heading-el text-left  vc_custom_1683910016585\"><div><div class=\"slide-in-container\"><h3 class=\"text-primary font-weight-bold heading-text el-title_custom_color mb-12\" style=\"\" data-anim-type=\"\" data-anim-delay=\"0\">Support<\/h3><\/div><\/div><\/div><div id=\"el1683909462314-620f1c29-fd90\" class=\"pix-el-text   w-100  \" ><p class=\"\"><p>Je\u015bli maj\u0105 Pa\u0144stwo ochot\u0119 wspom\u00f3c dzia\u0142ania Polskiego O\u015brodka Mi\u0119dzynarodowego Stowarzyszenia dla Dzieci i M\u0142odzie\u017cy ASSITEJ, prosimy o przekazywanie 1,5% podatku (jeste\u015bmy organizacj\u0105 po\u017cytku publicznego) lub wp\u0142acanie darowizn na nasze konto bankowe o numerze:\u00a0<span style=\"color: #000000;\"><strong>15 1240 6175 1111 0000 4571 1752<\/strong><\/span><\/p>\n<\/p><\/div>[\/vc_column][\/vc_row][vc_row pix_particles_check=&#8221;&#8221;][vc_column]<div  class=\"pix-heading-el text-left  vc_custom_1683910023033\"><div><div class=\"slide-in-container\"><h3 class=\"text-primary font-weight-bold heading-text el-title_custom_color mb-12\" style=\"\" data-anim-type=\"\" data-anim-delay=\"0\">Darowizny<\/h3><\/div><\/div><\/div><div id=\"el1683909492755-3e661312-6d43\" class=\"pix-el-text   w-100  \" ><p class=\"\"><p><strong><span style=\"color: #000000;\">Darowizny otrzymane w roku 2022<\/span><\/strong><\/p>\n<p>W 2022 r. Polski O\u015brodek Mi\u0119dzynarodowego Stowarzyszenia Teatr\u00f3w dla Dzieci i M\u0142odzie\u017cy \u2013 ASSITEJ otrzyma\u0142 darowizny pieni\u0119\u017cne w \u0142\u0105cznej kwocie 820,00 z\u0142. Na w\/w kwot\u0119 z\u0142o\u017cy\u0142y si\u0119 darowizny otrzymane od:<\/p>\n<ul>\n<li>os\u00f3b fizycznych w wysoko\u015bci 820,00 z\u0142.<\/li>\n<\/ul>\n<p>Otrzymane darowizny Polski O\u015brodek ASSITEJ przeznaczy\u0142 na cele statutowe o\u015bwiatowe i kulturalne.<\/p>\n<p>Kwota 820,00 z\u0142 otrzymana od os\u00f3b fizycznych zosta\u0142a przeznaczona na pokrycie wydatk\u00f3w zwi\u0105zanych z XXVI Mi\u0119dzynarodowym Festiwalem Teatr\u00f3w dla Dzieci i M\u0142odzie\u017cy KORCZAK 2022.<\/p>\n<\/p><\/div>[\/vc_column][\/vc_row][\/vc_section]<\/section>","protected":false},"excerpt":{"rendered":"[vc_section pix_over_visibility=&#8221;&#8221;][vc_row pix_particles_check=&#8221;&#8221;][vc_column width=&#8221;1\/2&#8243;][\/vc_column][vc_column width=&#8221;1\/2&#8243;][\/vc_column][\/vc_row][vc_row pix_particles_check=&#8221;&#8221; css=&#8221;.vc_custom_1683909993831{padding-bottom: 20px !important;}&#8221;][vc_column][\/vc_column][\/vc_row][vc_row pix_particles_check=&#8221;&#8221;][vc_column][\/vc_column][\/vc_row][\/vc_section]","protected":false},"author":3,"featured_media":0,"parent":0,"menu_order":0,"comment_status":"closed","ping_status":"closed","template":"","meta":{"footnotes":""},"class_list":["post-4672","page","type-page","status-publish","hentry"],"_links":{"self":[{"href":"https:\/\/assitej.pl\/en\/wp-json\/wp\/v2\/pages\/4672","targetHints":{"allow":["GET"]}}],"collection":[{"href":"https:\/\/assitej.pl\/en\/wp-json\/wp\/v2\/pages"}],"about":[{"href":"https:\/\/assitej.pl\/en\/wp-json\/wp\/v2\/types\/page"}],"author":[{"embeddable":true,"href":"https:\/\/assitej.pl\/en\/wp-json\/wp\/v2\/users\/3"}],"replies":[{"embeddable":true,"href":"https:\/\/assitej.pl\/en\/wp-json\/wp\/v2\/comments?post=4672"}],"version-history":[{"count":14,"href":"https:\/\/assitej.pl\/en\/wp-json\/wp\/v2\/pages\/4672\/revisions"}],"predecessor-version":[{"id":4772,"href":"https:\/\/assitej.pl\/en\/wp-json\/wp\/v2\/pages\/4672\/revisions\/4772"}],"wp:attachment":[{"href":"https:\/\/assitej.pl\/en\/wp-json\/wp\/v2\/media?parent=4672"}],"curies":[{"name":"wp","href":"https:\/\/api.w.org\/{rel}","templated":true}]}}