{"id":4667,"date":"2023-05-05T14:46:17","date_gmt":"2023-05-05T12:46:17","guid":{"rendered":"https:\/\/assitej.pl\/activities\/international-performances\/"},"modified":"2023-06-28T14:45:04","modified_gmt":"2023-06-28T12:45:04","slug":"international-performances","status":"publish","type":"page","link":"https:\/\/assitej.pl\/en\/activities\/international-performances\/","title":{"rendered":"International performances"},"content":{"rendered":"<section class=\"wpb-content-wrapper\">[vc_section pix_over_visibility=&#8221;&#8221;][vc_row pix_particles_check=&#8221;&#8221;][vc_column]<div id=\"el1683715804178-f77f58ee-3a90\" class=\"pix-el-text   w-100  \" ><p class=\"\"><p>As part of the international ASSITEJ Association, we strive to create projects not only on a local or national level. Through the efforts of the members of our Association&#8217;s Board, in recent years we have been able to realise performances with foreign partners. Among them were:<\/p>\n<\/p><\/div>[\/vc_column][\/vc_row][vc_row pix_particles_check=&#8221;&#8221; css=&#8221;.vc_custom_1683723300236{margin-bottom: 30px !important;}&#8221;][vc_column width=&#8221;1\/3&#8243;]<div class=\"d-inline-block \" ><div class=\"pix-img-el    text-center d-inline-block  w-100 rounded-0\"  ><img loading=\"lazy\" decoding=\"async\" class=\"card-img2 pix-img-elem rounded-0  h-1002\" style=\"height:auto;\" width=\"1000\" height=\"1414\" srcset=\"https:\/\/assitej.pl\/wp-content\/uploads\/2023\/05\/1.-Serce-Szopena-plakat.jpg 1000w, https:\/\/assitej.pl\/wp-content\/uploads\/2023\/05\/1.-Serce-Szopena-plakat-212x300.jpg 212w, https:\/\/assitej.pl\/wp-content\/uploads\/2023\/05\/1.-Serce-Szopena-plakat-724x1024.jpg 724w, https:\/\/assitej.pl\/wp-content\/uploads\/2023\/05\/1.-Serce-Szopena-plakat-768x1086.jpg 768w\" sizes=\"auto, (max-width: 1000px) 100vw, 1000px\" src=\"https:\/\/assitej.pl\/wp-content\/uploads\/2023\/05\/1.-Serce-Szopena-plakat.jpg\" alt=\"\" \/><\/div><\/div>[\/vc_column][vc_column width=&#8221;2\/3&#8243;]<div  class=\"pix-heading-el text-left  vc_custom_1683723242123\"><div><div class=\"slide-in-container\"><h3 class=\"text-primary font-weight-bold heading-text el-title_custom_color mb-12\" style=\"\" data-anim-type=\"\" data-anim-delay=\"0\">The performance-installation &quot;Chopin's Heart&quot; in Tbilisi (2020)<\/h3><\/div><\/div><\/div><div id=\"el1683716417103-399a45e6-f3f0\" class=\"pix-el-text   w-100  \" ><p class=\"\"><p>na podstawie powie\u015bci \u201eBieguni\u201d Olgi Tokarczuk<\/p>\n<p>premiera\u00a020.12.2020, Writers&#8217; House of Georgia | Royal District Theatre | Tbilisi, Gruzja<\/p>\n<\/p><\/div><div id=\"duo-icon-27227176\" class=\"slide-in-container w-100  \" ><div class=\"py-2 \"  ><div class=\"pix-feature-list        py-2 d-flex align-items-center\" ><span class=\"text-primary\"><b class=\"text-black\">re\u017cyseria | scenografia | \u015bwiat\u0142o:<\/b> Wojciech Faruga<\/span><\/div><div class=\"pix-feature-list        py-2 d-flex align-items-center\" ><span class=\"text-primary\"><b class=\"text-black\">adaptacja i dramaturgia | koordynacja w Gruzji:<\/b> Davit Gabunia<\/span><\/div><div class=\"pix-feature-list        py-2 d-flex align-items-center\" ><span class=\"text-primary\"><b class=\"text-black\">choreografia:<\/b> Krystian \u0141yso\u0144<\/span><\/div><div class=\"pix-feature-list        py-2 d-flex align-items-center\" ><span class=\"text-primary\"><b class=\"text-black\">koordynacja w Polsce:<\/b> Adam Biernacki | Lena Tworkowska<\/span><\/div><div class=\"pix-feature-list        py-2 d-flex align-items-center\" ><span class=\"text-primary\"><b class=\"text-black\">obsada:<\/b> Nata Murvanidze | Kato Kalatozishvili | Paata Inauri | Giorgi Sharvashidze<\/span><\/div><\/div><\/div>[\/vc_column][\/vc_row][vc_row pix_particles_check=&#8221;&#8221; css=&#8221;.vc_custom_1683723305216{margin-bottom: 30px !important;}&#8221;][vc_column width=&#8221;1\/3&#8243;]<div class=\"d-inline-block \" ><div class=\"pix-img-el    text-center d-inline-block  w-100 rounded-0\"  ><img loading=\"lazy\" decoding=\"async\" class=\"card-img2 pix-img-elem rounded-0  h-1002\" style=\"height:auto;\" width=\"1059\" height=\"1500\" srcset=\"https:\/\/assitej.pl\/wp-content\/uploads\/2023\/05\/2.-Dekalog-plakat.jpg 1059w, https:\/\/assitej.pl\/wp-content\/uploads\/2023\/05\/2.-Dekalog-plakat-212x300.jpg 212w, https:\/\/assitej.pl\/wp-content\/uploads\/2023\/05\/2.-Dekalog-plakat-723x1024.jpg 723w, https:\/\/assitej.pl\/wp-content\/uploads\/2023\/05\/2.-Dekalog-plakat-768x1088.jpg 768w\" sizes=\"auto, (max-width: 1059px) 100vw, 1059px\" src=\"https:\/\/assitej.pl\/wp-content\/uploads\/2023\/05\/2.-Dekalog-plakat.jpg\" alt=\"\" \/><\/div><\/div>[\/vc_column][vc_column width=&#8221;2\/3&#8243;]<div  class=\"pix-heading-el text-left  vc_custom_1687956252407\"><div><div class=\"slide-in-container\"><h3 class=\"text-primary font-weight-bold heading-text el-title_custom_color mb-12\" style=\"\" data-anim-type=\"\" data-anim-delay=\"0\">\u201eDecalogue\u201d in Tbilisi (2019)<\/h3><\/div><\/div><\/div><div id=\"el1683716049971-967d7fcf-7ddf\" class=\"pix-el-text   w-100  \" ><p class=\"\"><p>na podstawie cyklu \u201eDekalog&#8221; Krzysztofa Kie\u015blowskiego i Krzysztofa Piesiewicza<\/p>\n<p>premiera\u00a09. 11. 2019 r.\u00a0Royal District Theatre, Tbilisi, Gruzja<\/p>\n<\/p><\/div><div id=\"duo-icon-9112350\" class=\"slide-in-container w-100  \" ><div class=\"py-2 \"  ><div class=\"pix-feature-list        py-2 d-flex align-items-center\" ><span class=\"text-primary\"><b class=\"text-black\">re\u017cyseria | scenografia | \u015bwiat\u0142o:<\/b> Wojciech Faruga<\/span><\/div><div class=\"pix-feature-list        py-2 d-flex align-items-center\" ><span class=\"text-primary\"><b class=\"text-black\">adaptacja i dramaturgia:<\/b> Davit Gabunia<\/span><\/div><div class=\"pix-feature-list        py-2 d-flex align-items-center\" ><span class=\"text-primary\"><b class=\"text-black\">muzyka:<\/b> Joanna Halszka Soko\u0142owska<\/span><\/div><div class=\"pix-feature-list        py-2 d-flex align-items-center\" ><span class=\"text-primary\"><b class=\"text-black\">kostiumy:<\/b> Keti Nadibaidze<\/span><\/div><div class=\"pix-feature-list        py-2 d-flex align-items-center\" ><span class=\"text-primary\"><b class=\"text-black\">foto:<\/b> Magda Hueckel<\/span><\/div><div class=\"pix-feature-list        py-2 d-flex align-items-center\" ><span class=\"text-primary\"><b class=\"text-black\">wyst\u0119puj\u0105:<\/b> Sandro Samkharadze | Giorgi Sharvashidze | Giorgi Kikvidze | Nata Murvanidze | Nani Chikvinidze | Zaal Chikobava | Paata Inauri | Kato Kalatozishvili | Magda Lebanidze | Ioseb Khvedelidze<\/span><\/div><\/div><\/div>[\/vc_column][\/vc_row][vc_row pix_particles_check=&#8221;&#8221; css=&#8221;.vc_custom_1683723310244{margin-bottom: 30px !important;}&#8221;][vc_column width=&#8221;1\/3&#8243;]<div class=\"d-inline-block \" ><div class=\"pix-img-el    text-center d-inline-block  w-100 rounded-0\"  ><img loading=\"lazy\" decoding=\"async\" class=\"card-img2 pix-img-elem rounded-0  h-1002\" style=\"height:auto;\" width=\"758\" height=\"960\" srcset=\"https:\/\/assitej.pl\/wp-content\/uploads\/2023\/05\/3.-PLAKAT-Prawy-lewy-na-obcasie.jpg 758w, https:\/\/assitej.pl\/wp-content\/uploads\/2023\/05\/3.-PLAKAT-Prawy-lewy-na-obcasie-237x300.jpg 237w\" sizes=\"auto, (max-width: 758px) 100vw, 758px\" src=\"https:\/\/assitej.pl\/wp-content\/uploads\/2023\/05\/3.-PLAKAT-Prawy-lewy-na-obcasie.jpg\" alt=\"\" \/><\/div><\/div>[\/vc_column][vc_column width=&#8221;2\/3&#8243;]<div  class=\"pix-heading-el text-left  vc_custom_1683723250642\"><div><div class=\"slide-in-container\"><h3 class=\"text-primary font-weight-bold heading-text el-title_custom_color mb-12\" style=\"\" data-anim-type=\"\" data-anim-delay=\"0\">\u201eRighe, left on the heel\u201d (\u201ePrawy, lewy na obcasie\u201d) in Tbilisi (2017)<\/h3><\/div><\/div><\/div><div id=\"el1683716334985-1d8d3618-a74a\" class=\"pix-el-text   w-100  \" ><p class=\"\"><p>Tbilisi International Festival of Theatre<\/p>\n<p>Premiera: 4 pa\u017adziernika 2017, Marjanisvhvili State Drama Theatre<\/p>\n<\/p><\/div><div id=\"duo-icon-95370104\" class=\"slide-in-container w-100  \" ><div class=\"py-2 \"  ><div class=\"pix-feature-list        py-2 d-flex align-items-center\" ><span class=\"text-primary\"><b class=\"text-black\">re\u017cyseria | scenografia | \u015bwiat\u0142o:<\/b> Wojciech Faruga<\/span><\/div><div class=\"pix-feature-list        py-2 d-flex align-items-center\" ><span class=\"text-primary\"><b class=\"text-black\">tekst:<\/b> Sebastian Majewski<\/span><\/div><div class=\"pix-feature-list        py-2 d-flex align-items-center\" ><span class=\"text-primary\"><b class=\"text-black\">ruch sceniczny: <\/b> Damian Kwiatkowski<\/span><\/div><div class=\"pix-feature-list        py-2 d-flex align-items-center\" ><span class=\"text-primary\"><b class=\"text-black\">video:<\/b> Szymon Celej<\/span><\/div><div class=\"pix-feature-list        py-2 d-flex align-items-center\" ><span class=\"text-primary\"><b class=\"text-black\">koordynacja:<\/b> Weronika Komorowska<\/span><\/div><\/div><\/div>[\/vc_column][\/vc_row][vc_row pix_particles_check=&#8221;&#8221; css=&#8221;.vc_custom_1683723315239{margin-bottom: 30px !important;}&#8221;][vc_column width=&#8221;1\/3&#8243;]<div class=\"d-inline-block \" ><div class=\"pix-img-el    text-center d-inline-block  w-100 rounded-0\"  ><img loading=\"lazy\" decoding=\"async\" class=\"card-img2 pix-img-elem rounded-0  h-1002\" style=\"height:auto;\" width=\"1000\" height=\"1414\" srcset=\"https:\/\/assitej.pl\/wp-content\/uploads\/2023\/05\/4.-PLAKAT-Herszek.jpg 1000w, https:\/\/assitej.pl\/wp-content\/uploads\/2023\/05\/4.-PLAKAT-Herszek-212x300.jpg 212w, https:\/\/assitej.pl\/wp-content\/uploads\/2023\/05\/4.-PLAKAT-Herszek-724x1024.jpg 724w, https:\/\/assitej.pl\/wp-content\/uploads\/2023\/05\/4.-PLAKAT-Herszek-768x1086.jpg 768w\" sizes=\"auto, (max-width: 1000px) 100vw, 1000px\" src=\"https:\/\/assitej.pl\/wp-content\/uploads\/2023\/05\/4.-PLAKAT-Herszek.jpg\" alt=\"\" \/><\/div><\/div>[\/vc_column][vc_column width=&#8221;2\/3&#8243;]<div  class=\"pix-heading-el text-left  vc_custom_1683723255562\"><div><div class=\"slide-in-container\"><h3 class=\"text-primary font-weight-bold heading-text el-title_custom_color mb-12\" style=\"\" data-anim-type=\"\" data-anim-delay=\"0\">\u201eHershele\u201d (\u201eHerszek\u201d) in Istanbul (2014)<\/h3><\/div><\/div><\/div><div id=\"el1683716367692-c87fd4c7-deec\" class=\"pix-el-text   w-100  \" ><p class=\"\"><p>na podstawie opowiada\u0144 Janusza Korczaka<\/p>\n<p>premiera: 11 maja 2014 r., MaskKara Tiyatrosu, Stambu\u0142<\/p>\n<\/p><\/div><div id=\"duo-icon-66622944\" class=\"slide-in-container w-100  \" ><div class=\"py-2 \"  ><div class=\"pix-feature-list        py-2 d-flex align-items-center\" ><span class=\"text-primary\"><b class=\"text-black\">scenariusz, re\u017cyseria:<\/b> Adam Biernacki<\/span><\/div><div class=\"pix-feature-list        py-2 d-flex align-items-center\" ><span class=\"text-primary\"><b class=\"text-black\">koordynatorzy:<\/b> Paulina Danecka, Burhan G\u00fcn<\/span><\/div><div class=\"pix-feature-list        py-2 d-flex align-items-center\" ><span class=\"text-primary\"><b class=\"text-black\">wyst\u0105pili: <\/b>Bur\u00e7ak \u00c7\u00f6ll\u00fc, Simge Gedizlio\u011flu, Alper G\u00fcnay, Onur \u015eirin, Ali Bircan Teke, \u00c7a\u011f\u0131l Tekten, Caner T\u00f6r, Ay\u015feg\u00fcl Yal\u00e7\u0131ner<\/span><\/div><\/div><\/div>[\/vc_column][\/vc_row][\/vc_section]<\/section>","protected":false},"excerpt":{"rendered":"[vc_section pix_over_visibility=&#8221;&#8221;][vc_row pix_particles_check=&#8221;&#8221;][vc_column][\/vc_column][\/vc_row][vc_row pix_particles_check=&#8221;&#8221; css=&#8221;.vc_custom_1683723300236{margin-bottom: 30px !important;}&#8221;][vc_column width=&#8221;1\/3&#8243;][\/vc_column][vc_column width=&#8221;2\/3&#8243;][\/vc_column][\/vc_row][vc_row pix_particles_check=&#8221;&#8221; css=&#8221;.vc_custom_1683723305216{margin-bottom: 30px !important;}&#8221;][vc_column width=&#8221;1\/3&#8243;][\/vc_column][vc_column width=&#8221;2\/3&#8243;][\/vc_column][\/vc_row][vc_row pix_particles_check=&#8221;&#8221; css=&#8221;.vc_custom_1683723310244{margin-bottom: 30px !important;}&#8221;][vc_column width=&#8221;1\/3&#8243;][\/vc_column][vc_column width=&#8221;2\/3&#8243;][\/vc_column][\/vc_row][vc_row pix_particles_check=&#8221;&#8221; css=&#8221;.vc_custom_1683723315239{margin-bottom: 30px !important;}&#8221;][vc_column width=&#8221;1\/3&#8243;][\/vc_column][vc_column width=&#8221;2\/3&#8243;][\/vc_column][\/vc_row][\/vc_section]","protected":false},"author":3,"featured_media":0,"parent":4635,"menu_order":0,"comment_status":"closed","ping_status":"closed","template":"","meta":{"footnotes":""},"class_list":["post-4667","page","type-page","status-publish","hentry"],"_links":{"self":[{"href":"https:\/\/assitej.pl\/en\/wp-json\/wp\/v2\/pages\/4667","targetHints":{"allow":["GET"]}}],"collection":[{"href":"https:\/\/assitej.pl\/en\/wp-json\/wp\/v2\/pages"}],"about":[{"href":"https:\/\/assitej.pl\/en\/wp-json\/wp\/v2\/types\/page"}],"author":[{"embeddable":true,"href":"https:\/\/assitej.pl\/en\/wp-json\/wp\/v2\/users\/3"}],"replies":[{"embeddable":true,"href":"https:\/\/assitej.pl\/en\/wp-json\/wp\/v2\/comments?post=4667"}],"version-history":[{"count":8,"href":"https:\/\/assitej.pl\/en\/wp-json\/wp\/v2\/pages\/4667\/revisions"}],"predecessor-version":[{"id":4762,"href":"https:\/\/assitej.pl\/en\/wp-json\/wp\/v2\/pages\/4667\/revisions\/4762"}],"up":[{"embeddable":true,"href":"https:\/\/assitej.pl\/en\/wp-json\/wp\/v2\/pages\/4635"}],"wp:attachment":[{"href":"https:\/\/assitej.pl\/en\/wp-json\/wp\/v2\/media?parent=4667"}],"curies":[{"name":"wp","href":"https:\/\/api.w.org\/{rel}","templated":true}]}}