{"id":4664,"date":"2023-05-05T14:46:56","date_gmt":"2023-05-05T12:46:56","guid":{"rendered":"https:\/\/assitej.pl\/activities\/ognisko-online\/"},"modified":"2023-06-28T14:50:00","modified_gmt":"2023-06-28T12:50:00","slug":"ognisko-online","status":"publish","type":"page","link":"https:\/\/assitej.pl\/en\/activities\/ognisko-online\/","title":{"rendered":"Ognisko Online"},"content":{"rendered":"<section class=\"wpb-content-wrapper\">[vc_section full_width=&#8221;stretch_row&#8221; pix_over_visibility=&#8221;&#8221;][vc_row content_placement=&#8221;middle&#8221; pix_particles_check=&#8221;&#8221;][vc_column width=&#8221;5\/12&#8243;]<div class=\"d-inline-block \" ><div class=\"pix-img-el    text-left d-inline-block  w-100 rounded-0\"  ><img loading=\"lazy\" decoding=\"async\" class=\"card-img2 pix-img-elem rounded-0  h-1002\" style=\"height:auto;\" width=\"1079\" height=\"1079\" srcset=\"https:\/\/assitej.pl\/wp-content\/uploads\/2023\/05\/ognisko-online.png 1079w, https:\/\/assitej.pl\/wp-content\/uploads\/2023\/05\/ognisko-online-300x300.png 300w, https:\/\/assitej.pl\/wp-content\/uploads\/2023\/05\/ognisko-online-1024x1024.png 1024w, https:\/\/assitej.pl\/wp-content\/uploads\/2023\/05\/ognisko-online-150x150.png 150w, https:\/\/assitej.pl\/wp-content\/uploads\/2023\/05\/ognisko-online-768x768.png 768w, https:\/\/assitej.pl\/wp-content\/uploads\/2023\/05\/ognisko-online-400x400.png 400w, https:\/\/assitej.pl\/wp-content\/uploads\/2023\/05\/ognisko-online-75x75.png 75w, https:\/\/assitej.pl\/wp-content\/uploads\/2023\/05\/ognisko-online-460x460.png 460w\" sizes=\"auto, (max-width: 1079px) 100vw, 1079px\" src=\"https:\/\/assitej.pl\/wp-content\/uploads\/2023\/05\/ognisko-online.png\" alt=\"\" \/><\/div><\/div>[\/vc_column][vc_column width=&#8221;7\/12&#8243;]<div id=\"duo-icon-148201070\" class=\"slide-in-container w-100  \" ><div class=\"py-2 \"  ><div class=\"pix-feature-list   font-weight-bold     py-2 d-flex align-items-center\" ><a class=\"d-flex align-items-center\" href=\"http:\/\/www.facebook.com\/ogniskoonline\" target=\"_blank\"><i class=\"pixicon-facebook3 mr-2 text-primary\" ><\/i><span class=\"text-primary\">facebook.com\/ogniskoonline<\/span><\/a><\/div><div class=\"pix-feature-list   font-weight-bold     py-2 d-flex align-items-center\" ><a class=\"d-flex align-items-center\" href=\"http:\/\/www.instagram.com\/ogniskoonline\" target=\"_blank\"><i class=\"pixicon-instagram2 mr-2 text-primary\" ><\/i><span class=\"text-primary\">instagram.com\/ogniskoonline<\/span><\/a><\/div><div class=\"pix-feature-list   font-weight-bold     py-2 d-flex align-items-center\" ><a class=\"d-flex align-items-center\" href=\"http:\/\/www.youtube.com\/@OgniskoOnline\" target=\"_blank\"><i class=\"pixicon-youtube3 mr-2 text-primary\" ><\/i><span class=\"text-primary\">www.youtube.com\/@OgniskoOnline<\/span><\/a><\/div><\/div><\/div>[\/vc_column][\/vc_row][vc_row pix_particles_check=&#8221;&#8221;][vc_column]<div id=\"el1683887848479-f0732b88-c4fc\" class=\"pix-el-text   w-100  \" ><p class=\"\"><p>During the COVID-19 pandemic, we created the Ognisko Online, a creative activity for the youngest, aimed at children aged 5-8. These were theatre lessons from which children could learn in an interactive activity: who an actor is, how to convey emotions with their voice and body, and how to develop their imagination and creativity. Our classes helped the little ones gain self-confidence, taught them how to cooperate and communicate with their peers, sensitised them to art &#8211; and gave their parents ideas for creative ways to spend time together! The project supported the artistic and cultural education of the youngest audiences with precise content objectives. Each episode was accompanied by a PDF with instructions for parents, explaining the educational goals of the episode, the artistic methods and techniques used in the episode, and an explanation of the homework assignment with helpful tips.<\/p>\n<p>Creators of Ognisko Online: Anna Burzy\u0144ska, Adam Biernacki, Sebastian Kr\u00f3likowski, Grzegorz Mrozi\u0144ski<\/p>\n<\/p><\/div>[\/vc_column][\/vc_row][\/vc_section][vc_section full_width=&#8221;stretch_row&#8221; pix_over_visibility=&#8221;&#8221; bottom_divider_select=&#8221;17&#8243; b_3_color=&#8221;#f8f9fa&#8221; top_divider_select=&#8221;17&#8243; t_2_color=&#8221;rgba(248,249,250,0.01)&#8221; t_3_color=&#8221;#f8f9fa&#8221;][vc_row pix_particles_check=&#8221;&#8221;][vc_column]<div class=\"pix-lightbox\"><div class=\"pix_masonry  pix-3-columns\" style=\"width:100%\"><div class=\"grid-sizer\"><\/div><div class=\"gutter-sizer\"><\/div><div class=\" grid-item pix-mb-20 \"><a class=\"card pix-lightbox pix-lightbox-item pix-hover-item  rounded-lg\" data-fancybox=\"gallery\" data-caption=\"\" href=\"https:\/\/assitej.pl\/wp-content\/uploads\/2023\/05\/2020-04-16-30.jpg\"><img loading=\"lazy\" decoding=\"async\" class=\"card-img  rounded-lg \" src=\"https:\/\/assitej.pl\/wp-content\/uploads\/2023\/05\/2020-04-16-30.jpg\" width=\"1300\" height=\"1300\" alt=\"\" \/><div class=\"card-img-overlay d-flex align-items-end pix-p-10\"><\/div><\/a><\/div><div class=\" grid-item pix-mb-20 \"><a class=\"card pix-lightbox pix-lightbox-item pix-hover-item  rounded-lg\" data-fancybox=\"gallery\" data-caption=\"\" href=\"https:\/\/assitej.pl\/wp-content\/uploads\/2023\/05\/2020-05-22-2.1.jpg\"><img loading=\"lazy\" decoding=\"async\" class=\"card-img  rounded-lg \" src=\"https:\/\/assitej.pl\/wp-content\/uploads\/2023\/05\/2020-05-22-2.1.jpg\" width=\"1300\" height=\"1300\" alt=\"\" \/><div class=\"card-img-overlay d-flex align-items-end pix-p-10\"><\/div><\/a><\/div><div class=\" grid-item pix-mb-20 \"><a class=\"card pix-lightbox pix-lightbox-item pix-hover-item  rounded-lg\" data-fancybox=\"gallery\" data-caption=\"\" href=\"https:\/\/assitej.pl\/wp-content\/uploads\/2023\/05\/2020-06-04-3.1.jpg\"><img loading=\"lazy\" decoding=\"async\" class=\"card-img  rounded-lg \" src=\"https:\/\/assitej.pl\/wp-content\/uploads\/2023\/05\/2020-06-04-3.1.jpg\" width=\"1300\" height=\"1300\" alt=\"\" \/><div class=\"card-img-overlay d-flex align-items-end pix-p-10\"><\/div><\/a><\/div><div class=\" grid-item pix-mb-20 \"><a class=\"card pix-lightbox pix-lightbox-item pix-hover-item  rounded-lg\" data-fancybox=\"gallery\" data-caption=\"\" href=\"https:\/\/assitej.pl\/wp-content\/uploads\/2023\/05\/2020-08-29-27-Ognisko-Online.jpg\"><img loading=\"lazy\" decoding=\"async\" class=\"card-img  rounded-lg \" src=\"https:\/\/assitej.pl\/wp-content\/uploads\/2023\/05\/2020-08-29-27-Ognisko-Online.jpg\" width=\"1300\" height=\"1300\" alt=\"\" \/><div class=\"card-img-overlay d-flex align-items-end pix-p-10\"><\/div><\/a><\/div><div class=\" grid-item pix-mb-20 \"><a class=\"card pix-lightbox pix-lightbox-item pix-hover-item  rounded-lg\" data-fancybox=\"gallery\" data-caption=\"\" href=\"https:\/\/assitej.pl\/wp-content\/uploads\/2023\/05\/2020-09-21-1-Ognisko-Online-Klejnot-pustyni.jpg\"><img loading=\"lazy\" decoding=\"async\" class=\"card-img  rounded-lg \" src=\"https:\/\/assitej.pl\/wp-content\/uploads\/2023\/05\/2020-09-21-1-Ognisko-Online-Klejnot-pustyni.jpg\" width=\"1300\" height=\"1300\" alt=\"\" \/><div class=\"card-img-overlay d-flex align-items-end pix-p-10\"><\/div><\/a><\/div><div class=\" grid-item pix-mb-20 \"><a class=\"card pix-lightbox pix-lightbox-item pix-hover-item  rounded-lg\" data-fancybox=\"gallery\" data-caption=\"\" href=\"https:\/\/assitej.pl\/wp-content\/uploads\/2023\/05\/2020-12-29-6.1.jpg\"><img loading=\"lazy\" decoding=\"async\" class=\"card-img  rounded-lg \" src=\"https:\/\/assitej.pl\/wp-content\/uploads\/2023\/05\/2020-12-29-6.1.jpg\" width=\"1300\" height=\"1300\" alt=\"\" \/><div class=\"card-img-overlay d-flex align-items-end pix-p-10\"><\/div><\/a><\/div><div class=\" grid-item pix-mb-20 \"><a class=\"card pix-lightbox pix-lightbox-item pix-hover-item  rounded-lg\" data-fancybox=\"gallery\" data-caption=\"\" href=\"https:\/\/assitej.pl\/wp-content\/uploads\/2023\/05\/2021-01-17-13.jpg\"><img loading=\"lazy\" decoding=\"async\" class=\"card-img  rounded-lg \" src=\"https:\/\/assitej.pl\/wp-content\/uploads\/2023\/05\/2021-01-17-13.jpg\" width=\"1300\" height=\"1300\" alt=\"\" \/><div class=\"card-img-overlay d-flex align-items-end pix-p-10\"><\/div><\/a><\/div><div class=\" grid-item pix-mb-20 \"><a class=\"card pix-lightbox pix-lightbox-item pix-hover-item  rounded-lg\" data-fancybox=\"gallery\" data-caption=\"\" href=\"https:\/\/assitej.pl\/wp-content\/uploads\/2023\/05\/2021-02-07-4.jpg\"><img loading=\"lazy\" decoding=\"async\" class=\"card-img  rounded-lg \" src=\"https:\/\/assitej.pl\/wp-content\/uploads\/2023\/05\/2021-02-07-4.jpg\" width=\"1300\" height=\"1300\" alt=\"\" \/><div class=\"card-img-overlay d-flex align-items-end pix-p-10\"><\/div><\/a><\/div><div class=\" grid-item pix-mb-20 \"><a class=\"card pix-lightbox pix-lightbox-item pix-hover-item  rounded-lg\" data-fancybox=\"gallery\" data-caption=\"\" href=\"https:\/\/assitej.pl\/wp-content\/uploads\/2023\/05\/2021-04-11-3.jpg\"><img loading=\"lazy\" decoding=\"async\" class=\"card-img  rounded-lg \" src=\"https:\/\/assitej.pl\/wp-content\/uploads\/2023\/05\/2021-04-11-3.jpg\" width=\"1300\" height=\"1300\" alt=\"\" \/><div class=\"card-img-overlay d-flex align-items-end pix-p-10\"><\/div><\/a><\/div><div class=\" grid-item pix-mb-20 \"><a class=\"card pix-lightbox pix-lightbox-item pix-hover-item  rounded-lg\" data-fancybox=\"gallery\" data-caption=\"\" href=\"https:\/\/assitej.pl\/wp-content\/uploads\/2023\/05\/2021-05-18-7.jpg\"><img loading=\"lazy\" decoding=\"async\" class=\"card-img  rounded-lg \" src=\"https:\/\/assitej.pl\/wp-content\/uploads\/2023\/05\/2021-05-18-7.jpg\" width=\"1300\" height=\"1300\" alt=\"\" \/><div class=\"card-img-overlay d-flex align-items-end pix-p-10\"><\/div><\/a><\/div><div class=\" grid-item pix-mb-20 \"><a class=\"card pix-lightbox pix-lightbox-item pix-hover-item  rounded-lg\" data-fancybox=\"gallery\" data-caption=\"\" href=\"https:\/\/assitej.pl\/wp-content\/uploads\/2023\/05\/2021-05-26-1.jpg\"><img loading=\"lazy\" decoding=\"async\" class=\"card-img  rounded-lg \" src=\"https:\/\/assitej.pl\/wp-content\/uploads\/2023\/05\/2021-05-26-1.jpg\" width=\"1300\" height=\"1300\" alt=\"\" \/><div class=\"card-img-overlay d-flex align-items-end pix-p-10\"><\/div><\/a><\/div><div class=\" grid-item pix-mb-20 \"><a class=\"card pix-lightbox pix-lightbox-item pix-hover-item  rounded-lg\" data-fancybox=\"gallery\" data-caption=\"\" href=\"https:\/\/assitej.pl\/wp-content\/uploads\/2023\/05\/2021-05-26-9.jpg\"><img loading=\"lazy\" decoding=\"async\" class=\"card-img  rounded-lg \" src=\"https:\/\/assitej.pl\/wp-content\/uploads\/2023\/05\/2021-05-26-9.jpg\" width=\"1300\" height=\"1300\" alt=\"\" \/><div class=\"card-img-overlay d-flex align-items-end pix-p-10\"><\/div><\/a><\/div><div class=\" grid-item pix-mb-20 \"><a class=\"card pix-lightbox pix-lightbox-item pix-hover-item  rounded-lg\" data-fancybox=\"gallery\" data-caption=\"\" href=\"https:\/\/assitej.pl\/wp-content\/uploads\/2023\/05\/2021-05-26-13.jpg\"><img loading=\"lazy\" decoding=\"async\" class=\"card-img  rounded-lg \" src=\"https:\/\/assitej.pl\/wp-content\/uploads\/2023\/05\/2021-05-26-13.jpg\" width=\"1300\" height=\"1300\" alt=\"\" \/><div class=\"card-img-overlay d-flex align-items-end pix-p-10\"><\/div><\/a><\/div><div class=\" grid-item pix-mb-20 \"><a class=\"card pix-lightbox pix-lightbox-item pix-hover-item  rounded-lg\" data-fancybox=\"gallery\" data-caption=\"\" href=\"https:\/\/assitej.pl\/wp-content\/uploads\/2023\/05\/2021-08-23-6.1-Ognisko-Online.jpg\"><img loading=\"lazy\" decoding=\"async\" class=\"card-img  rounded-lg \" src=\"https:\/\/assitej.pl\/wp-content\/uploads\/2023\/05\/2021-08-23-6.1-Ognisko-Online.jpg\" width=\"1300\" height=\"1300\" alt=\"\" \/><div class=\"card-img-overlay d-flex align-items-end pix-p-10\"><\/div><\/a><\/div><div class=\" grid-item pix-mb-20 \"><a class=\"card pix-lightbox pix-lightbox-item pix-hover-item  rounded-lg\" data-fancybox=\"gallery\" data-caption=\"\" href=\"https:\/\/assitej.pl\/wp-content\/uploads\/2023\/05\/2021-09-07-3.1.jpg\"><img loading=\"lazy\" decoding=\"async\" class=\"card-img  rounded-lg \" src=\"https:\/\/assitej.pl\/wp-content\/uploads\/2023\/05\/2021-09-07-3.1.jpg\" width=\"1300\" height=\"1300\" alt=\"\" \/><div class=\"card-img-overlay d-flex align-items-end pix-p-10\"><\/div><\/a><\/div><div class=\" grid-item pix-mb-20 \"><a class=\"card pix-lightbox pix-lightbox-item pix-hover-item  rounded-lg\" data-fancybox=\"gallery\" data-caption=\"\" href=\"https:\/\/assitej.pl\/wp-content\/uploads\/2023\/05\/2021-09-07-6.1.jpg\"><img loading=\"lazy\" decoding=\"async\" class=\"card-img  rounded-lg \" src=\"https:\/\/assitej.pl\/wp-content\/uploads\/2023\/05\/2021-09-07-6.1.jpg\" width=\"1300\" height=\"1300\" alt=\"\" \/><div class=\"card-img-overlay d-flex align-items-end pix-p-10\"><\/div><\/a><\/div><div class=\" grid-item pix-mb-20 \"><a class=\"card pix-lightbox pix-lightbox-item pix-hover-item  rounded-lg\" data-fancybox=\"gallery\" data-caption=\"\" href=\"https:\/\/assitej.pl\/wp-content\/uploads\/2023\/05\/2021-09-07-13.1.jpg\"><img loading=\"lazy\" decoding=\"async\" class=\"card-img  rounded-lg \" src=\"https:\/\/assitej.pl\/wp-content\/uploads\/2023\/05\/2021-09-07-13.1.jpg\" width=\"1300\" height=\"1300\" alt=\"\" \/><div class=\"card-img-overlay d-flex align-items-end pix-p-10\"><\/div><\/a><\/div><div class=\" grid-item pix-mb-20 \"><a class=\"card pix-lightbox pix-lightbox-item pix-hover-item  rounded-lg\" data-fancybox=\"gallery\" data-caption=\"\" href=\"https:\/\/assitej.pl\/wp-content\/uploads\/2023\/05\/2021-09-07-17.1.jpg\"><img loading=\"lazy\" decoding=\"async\" class=\"card-img  rounded-lg \" src=\"https:\/\/assitej.pl\/wp-content\/uploads\/2023\/05\/2021-09-07-17.1.jpg\" width=\"1300\" height=\"1300\" alt=\"\" \/><div class=\"card-img-overlay d-flex align-items-end pix-p-10\"><\/div><\/a><\/div><div class=\" grid-item pix-mb-20 \"><a class=\"card pix-lightbox pix-lightbox-item pix-hover-item  rounded-lg\" data-fancybox=\"gallery\" data-caption=\"\" href=\"https:\/\/assitej.pl\/wp-content\/uploads\/2023\/05\/2022-01-24-9-Ognisko-Online.jpg\"><img loading=\"lazy\" decoding=\"async\" class=\"card-img  rounded-lg \" src=\"https:\/\/assitej.pl\/wp-content\/uploads\/2023\/05\/2022-01-24-9-Ognisko-Online.jpg\" width=\"1300\" height=\"1300\" alt=\"\" \/><div class=\"card-img-overlay d-flex align-items-end pix-p-10\"><\/div><\/a><\/div><\/div><\/div>[\/vc_column][\/vc_row][\/vc_section]<\/section>","protected":false},"excerpt":{"rendered":"[vc_section full_width=&#8221;stretch_row&#8221; pix_over_visibility=&#8221;&#8221;][vc_row content_placement=&#8221;middle&#8221; pix_particles_check=&#8221;&#8221;][vc_column width=&#8221;5\/12&#8243;][\/vc_column][vc_column width=&#8221;7\/12&#8243;][\/vc_column][\/vc_row][vc_row pix_particles_check=&#8221;&#8221;][vc_column][\/vc_column][\/vc_row][\/vc_section][vc_section full_width=&#8221;stretch_row&#8221; pix_over_visibility=&#8221;&#8221; bottom_divider_select=&#8221;17&#8243; b_3_color=&#8221;#f8f9fa&#8221; top_divider_select=&#8221;17&#8243; t_2_color=&#8221;rgba(248,249,250,0.01)&#8221; t_3_color=&#8221;#f8f9fa&#8221;][vc_row pix_particles_check=&#8221;&#8221;][vc_column][\/vc_column][\/vc_row][\/vc_section]","protected":false},"author":3,"featured_media":0,"parent":4635,"menu_order":0,"comment_status":"closed","ping_status":"closed","template":"","meta":{"footnotes":""},"class_list":["post-4664","page","type-page","status-publish","hentry"],"_links":{"self":[{"href":"https:\/\/assitej.pl\/en\/wp-json\/wp\/v2\/pages\/4664","targetHints":{"allow":["GET"]}}],"collection":[{"href":"https:\/\/assitej.pl\/en\/wp-json\/wp\/v2\/pages"}],"about":[{"href":"https:\/\/assitej.pl\/en\/wp-json\/wp\/v2\/types\/page"}],"author":[{"embeddable":true,"href":"https:\/\/assitej.pl\/en\/wp-json\/wp\/v2\/users\/3"}],"replies":[{"embeddable":true,"href":"https:\/\/assitej.pl\/en\/wp-json\/wp\/v2\/comments?post=4664"}],"version-history":[{"count":4,"href":"https:\/\/assitej.pl\/en\/wp-json\/wp\/v2\/pages\/4664\/revisions"}],"predecessor-version":[{"id":4766,"href":"https:\/\/assitej.pl\/en\/wp-json\/wp\/v2\/pages\/4664\/revisions\/4766"}],"up":[{"embeddable":true,"href":"https:\/\/assitej.pl\/en\/wp-json\/wp\/v2\/pages\/4635"}],"wp:attachment":[{"href":"https:\/\/assitej.pl\/en\/wp-json\/wp\/v2\/media?parent=4664"}],"curies":[{"name":"wp","href":"https:\/\/api.w.org\/{rel}","templated":true}]}}