{"id":4656,"date":"2023-05-05T14:39:58","date_gmt":"2023-05-05T12:39:58","guid":{"rendered":"https:\/\/assitej.pl\/activities\/looking-for-polish-shakespeare\/"},"modified":"2023-06-28T21:30:20","modified_gmt":"2023-06-28T19:30:20","slug":"looking-for-polish-shakespeare","status":"publish","type":"page","link":"https:\/\/assitej.pl\/en\/activities\/looking-for-polish-shakespeare\/","title":{"rendered":"Looking for Polish Shakespeare"},"content":{"rendered":"<section class=\"wpb-content-wrapper\">[vc_section full_width=&#8221;stretch_row&#8221; pix_over_visibility=&#8221;&#8221; bottom_divider_select=&#8221;17&#8243; b_2_color=&#8221;rgba(248,249,250,0.01)&#8221; b_3_color=&#8221;#f8f9fa&#8221;][vc_row pix_particles_check=&#8221;&#8221;][vc_column]<div id=\"el1683882735655-87ac4713-08d8\" class=\"pix-el-text   w-100  \" ><p class=\"\"><h3 style=\"text-align: center;\"><strong><span style=\"color: #ee772a;\">National Competition for Young Playwrights &#8220;Looking for Polish Shakespeare&#8221; (Og\u00f3lnopolski Konkurs dla M\u0142odych Dramatopisarzy i Dramatopisarek \u201eSzukamy Polskiego Szekspira\u201d)<\/span><\/strong><\/h3>\n<\/p><\/div>[\/vc_column][\/vc_row][vc_row content_placement=&#8221;middle&#8221; pix_particles_check=&#8221;&#8221;][vc_column content_align=&#8221;text-center&#8221;]<div class=\"d-inline-block \" style=\"width:70%;\"><div class=\"pix-img-el    text-center d-inline-block  w-100 rounded-0\"  ><img loading=\"lazy\" decoding=\"async\" class=\"card-img2 pix-img-elem rounded-0  h-1002\" style=\"width:70%;height:auto;\" width=\"631\" height=\"555\" srcset=\"https:\/\/assitej.pl\/wp-content\/uploads\/2023\/05\/logo-Szukamy-Polskiego-Szekspira.jpg 631w, https:\/\/assitej.pl\/wp-content\/uploads\/2023\/05\/logo-Szukamy-Polskiego-Szekspira-300x264.jpg 300w\" sizes=\"auto, (max-width: 631px) 100vw, 631px\" src=\"https:\/\/assitej.pl\/wp-content\/uploads\/2023\/05\/logo-Szukamy-Polskiego-Szekspira.jpg\" alt=\"\" \/><\/div><\/div>[\/vc_column][\/vc_row][vc_row pix_particles_check=&#8221;&#8221;][vc_column]<div id=\"duo-icon-86537791\" class=\"slide-in-container w-100  \" ><div class=\"py-2 \"  ><div class=\"pix-feature-list   font-weight-bold     py-2 d-flex align-items-center\" ><a class=\"d-flex align-items-center\" href=\"https:\/\/www.facebook.com\/SzukamyPolskiegoSzekspira\/\" target=\"_blank\"><i class=\"pixicon-facebook3 mr-2 text-primary\" ><\/i><span class=\"text-primary\">facebook.com\/SzukamyPolskiegoSzekspira\/<\/span><\/a><\/div><\/div><\/div><div id=\"el1683740152702-83a7e3e2-430b\" class=\"pix-el-text   w-100  \" ><p class=\"\"><p>Nasz O\u015brodek jako pierwszy w Polsce zainteresowa\u0142 si\u0119 sztukami teatralnymi, kt\u00f3rych autorami byli m\u0142odzi ludzie. Od 1984 r. staramy si\u0119 co dwa lata organizowa\u0107 Og\u00f3lnopolski Konkurs Dla M\u0142odych Dramatopisarzy i Dramatopisarek \u201eSzukamy Polskiego Szekspira&#8221;. Jego laureaci i laureatki uczestnicz\u0105 w warsztatach dramaturgicznych, cz\u0119sto towarzysz\u0105cych organizowanym przez ASSITEJ letnim obozom teatralnym. Wyk\u0142adowcami s\u0105 cenieni dramatopisarze i scenarzy\u015bci. M\u0142odzi autorzy i autorki w praktyce ucz\u0105 si\u0119 jak pisa\u0107 dla teatru. Wiele z nich mia\u0142o r\u00f3wnie\u017c okazj\u0119 uczestniczy\u0107 w Mi\u0119dzynarodowych Warsztatach Dramaturgicznych \u201eInterplay\u201d, wiele te\u017c mia\u0142o szans\u0119 zobaczy\u0107 sceniczne realizacje fragment\u00f3w swych sztuk w wykonaniu Ogniska Teatralnego \u201eU Machulskich\u201d czy tw\u00f3rc\u00f3w profesjonalnych.<\/p>\n<p>Koordynatorem Konkursu od 2016 r. jest Adam Biernacki.<\/p>\n<p>Wielokrotnie do \u201ePolskich Szekspir\u00f3w\u201d z inicjatywy Macieja Wojtyszki do\u0142\u0105czali \u201eM\u0142odzi T\u0142umacze\u201d czyli uczestnicy konkursu dla m\u0142odych t\u0142umaczy literatury polskiej, wywodz\u0105cych si\u0119 ze \u015brodowisk polonijnych.<\/p>\n<\/p><\/div>[\/vc_column][\/vc_row][vc_row pix_particles_check=&#8221;&#8221;][vc_column]<div id=\"el1683893538873-70e44aa1-c375\" class=\"w-100 d-block \"><\/div><div id=\"el1683740825982-d54bf364-7130\" class=\"pix-el-text   w-100  \" ><p class=\"\"><p>Zapraszamy do zapoznania si\u0119 z masterclassami ze specjalistami z dziedziny dramaturgii: Mari\u0105 Wojtyszko, Juli\u0105 Holewi\u0144sk\u0105 i Davitem Gabuni\u0105, kt\u00f3re przygotowali\u015bmy z okazji XVIII edycji Konkursu we wsp\u00f3\u0142pracy z Teatrem Polskim w Bydgoszczy (2021 r.)<\/p>\n<\/p><\/div><div id=\"duo-icon-10627085\" class=\"slide-in-container w-100  \" ><div class=\"py-2 \"  ><div class=\"pix-feature-list   font-weight-bold     py-2 d-flex align-items-center\" ><a class=\"d-flex align-items-center\" href=\"https:\/\/www.vod.teatrpolski.pl\/wideo\/maria-wojtyszko-masterclass-ogolnopolski\" target=\"_blank\"><span class=\"text-primary\">vod.teatrpolski.pl\/wideo\/maria-wojtyszko-masterclass-ogolnopolski<\/span><\/a><\/div><div class=\"pix-feature-list   font-weight-bold     py-2 d-flex align-items-center\" ><a class=\"d-flex align-items-center\" href=\"https:\/\/www.vod.teatrpolski.pl\/wideo\/julia-holewinska-masterclass-ogolnopolsk\/publiczne\" target=\"_blank\"><span class=\"text-primary\">vod.teatrpolski.pl\/wideo\/julia-holewinska-masterclass-ogolnopolsk\/publiczne<\/span><\/a><\/div><div class=\"pix-feature-list   font-weight-bold     py-2 d-flex align-items-center\" ><a class=\"d-flex align-items-center\" href=\"https:\/\/www.vod.teatrpolski.pl\/wideo\/davit-gabunia-masterclass\/publiczne\" target=\"_blank\"><span class=\"text-primary\">vod.teatrpolski.pl\/wideo\/davit-gabunia-masterclass\/publiczne<\/span><\/a><\/div><\/div><\/div>[\/vc_column][\/vc_row][vc_row pix_particles_check=&#8221;&#8221; css=&#8221;.vc_custom_1683886584862{padding-top: 15px !important;}&#8221;][vc_column width=&#8221;1\/2&#8243;]<div id=\"el1683883190100-2f13e17c-8d8c\" class=\"pix-el-text   w-100  \" ><p class=\"\"><p><strong>Materia\u0142 z XVI edycji Konkursu:<\/strong><\/p>\n<\/p><\/div>[vc_video link=&#8221;https:\/\/www.youtube.com\/embed\/VeZp1ujcfLk&#8221;][\/vc_column][vc_column width=&#8221;1\/2&#8243;]<div id=\"el1683883200967-cfd2a2a1-b56e\" class=\"pix-el-text   w-100  \" ><p class=\"\"><p><strong>Jesienne warsztaty (2016)<\/strong><\/p>\n<\/p><\/div>[vc_video link=&#8221;https:\/\/www.youtube.com\/watch?v=scKFSZt_fPg&#8221;][\/vc_column][\/vc_row][\/vc_section][vc_section full_width=&#8221;stretch_row&#8221; pix_over_visibility=&#8221;&#8221;][vc_row pix_particles_check=&#8221;&#8221;][vc_column]<div class=\"pix-lightbox\"><div class=\"pix_masonry  pix-3-columns\" style=\"width:100%\"><div class=\"grid-sizer\"><\/div><div class=\"gutter-sizer\"><\/div><div class=\" grid-item grid-item--width2 pix-mb-20 \"><a class=\"card pix-lightbox pix-lightbox-item pix-hover-item  rounded-lg\" data-fancybox=\"gallery\" data-caption=\"\" href=\"https:\/\/assitej.pl\/wp-content\/uploads\/2023\/05\/Szekspir-1.jpg\"><img loading=\"lazy\" decoding=\"async\" class=\"card-img  rounded-lg \" src=\"https:\/\/assitej.pl\/wp-content\/uploads\/2023\/05\/Szekspir-1.jpg\" width=\"1425\" height=\"2048\" alt=\"\" \/><div class=\"card-img-overlay d-flex align-items-end pix-p-10\"><\/div><\/a><\/div><div class=\" grid-item pix-mb-20 \"><a class=\"card pix-lightbox pix-lightbox-item pix-hover-item  rounded-lg\" data-fancybox=\"gallery\" data-caption=\"\" href=\"https:\/\/assitej.pl\/wp-content\/uploads\/2023\/05\/Szekspir-2.jpg\"><img loading=\"lazy\" decoding=\"async\" class=\"card-img  rounded-lg \" src=\"https:\/\/assitej.pl\/wp-content\/uploads\/2023\/05\/Szekspir-2.jpg\" width=\"1200\" height=\"1200\" alt=\"\" \/><div class=\"card-img-overlay d-flex align-items-end pix-p-10\"><\/div><\/a><\/div><div class=\" grid-item pix-mb-20 \"><a class=\"card pix-lightbox pix-lightbox-item pix-hover-item  rounded-lg\" data-fancybox=\"gallery\" data-caption=\"\" href=\"https:\/\/assitej.pl\/wp-content\/uploads\/2023\/05\/Szekspir-4.jpg\"><img loading=\"lazy\" decoding=\"async\" class=\"card-img  rounded-lg \" src=\"https:\/\/assitej.pl\/wp-content\/uploads\/2023\/05\/Szekspir-4.jpg\" width=\"960\" height=\"960\" alt=\"\" \/><div class=\"card-img-overlay d-flex align-items-end pix-p-10\"><\/div><\/a><\/div><div class=\" grid-item pix-mb-20 \"><a class=\"card pix-lightbox pix-lightbox-item pix-hover-item  rounded-lg\" data-fancybox=\"gallery\" data-caption=\"\" href=\"https:\/\/assitej.pl\/wp-content\/uploads\/2023\/05\/Szekspir-5.jpg\"><img loading=\"lazy\" decoding=\"async\" class=\"card-img  rounded-lg \" src=\"https:\/\/assitej.pl\/wp-content\/uploads\/2023\/05\/Szekspir-5.jpg\" width=\"960\" height=\"960\" alt=\"\" \/><div class=\"card-img-overlay d-flex align-items-end pix-p-10\"><\/div><\/a><\/div><div class=\" grid-item pix-mb-20 \"><a class=\"card pix-lightbox pix-lightbox-item pix-hover-item  rounded-lg\" data-fancybox=\"gallery\" data-caption=\"\" href=\"https:\/\/assitej.pl\/wp-content\/uploads\/2023\/05\/Szekspir-6.jpg\"><img loading=\"lazy\" decoding=\"async\" class=\"card-img  rounded-lg \" src=\"https:\/\/assitej.pl\/wp-content\/uploads\/2023\/05\/Szekspir-6.jpg\" width=\"1512\" height=\"2016\" alt=\"\" \/><div class=\"card-img-overlay d-flex align-items-end pix-p-10\"><\/div><\/a><\/div><div class=\" grid-item pix-mb-20 \"><a class=\"card pix-lightbox pix-lightbox-item pix-hover-item  rounded-lg\" data-fancybox=\"gallery\" data-caption=\"\" href=\"https:\/\/assitej.pl\/wp-content\/uploads\/2023\/05\/Szekspir-7.jpg\"><img loading=\"lazy\" decoding=\"async\" class=\"card-img  rounded-lg \" src=\"https:\/\/assitej.pl\/wp-content\/uploads\/2023\/05\/Szekspir-7.jpg\" width=\"1777\" height=\"2048\" alt=\"\" \/><div class=\"card-img-overlay d-flex align-items-end pix-p-10\"><\/div><\/a><\/div><div class=\" grid-item pix-mb-20 \"><a class=\"card pix-lightbox pix-lightbox-item pix-hover-item  rounded-lg\" data-fancybox=\"gallery\" data-caption=\"\" href=\"https:\/\/assitej.pl\/wp-content\/uploads\/2023\/05\/Szekspir-8.jpg\"><img loading=\"lazy\" decoding=\"async\" class=\"card-img  rounded-lg \" src=\"https:\/\/assitej.pl\/wp-content\/uploads\/2023\/05\/Szekspir-8.jpg\" width=\"2048\" height=\"1812\" alt=\"\" \/><div class=\"card-img-overlay d-flex align-items-end pix-p-10\"><\/div><\/a><\/div><div class=\" grid-item grid-item--width2 pix-mb-20 \"><a class=\"card pix-lightbox pix-lightbox-item pix-hover-item  rounded-lg\" data-fancybox=\"gallery\" data-caption=\"\" href=\"https:\/\/assitej.pl\/wp-content\/uploads\/2023\/05\/Szekspir-9.jpg\"><img loading=\"lazy\" decoding=\"async\" class=\"card-img  rounded-lg \" src=\"https:\/\/assitej.pl\/wp-content\/uploads\/2023\/05\/Szekspir-9.jpg\" width=\"2048\" height=\"1365\" alt=\"\" \/><div class=\"card-img-overlay d-flex align-items-end pix-p-10\"><\/div><\/a><\/div><div class=\" grid-item pix-mb-20 \"><a class=\"card pix-lightbox pix-lightbox-item pix-hover-item  rounded-lg\" data-fancybox=\"gallery\" data-caption=\"\" href=\"https:\/\/assitej.pl\/wp-content\/uploads\/2023\/05\/Szekspir-10.jpg\"><img loading=\"lazy\" decoding=\"async\" class=\"card-img  rounded-lg \" src=\"https:\/\/assitej.pl\/wp-content\/uploads\/2023\/05\/Szekspir-10.jpg\" width=\"1391\" height=\"2048\" alt=\"\" \/><div class=\"card-img-overlay d-flex align-items-end pix-p-10\"><\/div><\/a><\/div><div class=\" grid-item pix-mb-20 \"><a class=\"card pix-lightbox pix-lightbox-item pix-hover-item  rounded-lg\" data-fancybox=\"gallery\" data-caption=\"\" href=\"https:\/\/assitej.pl\/wp-content\/uploads\/2023\/05\/Szekspir-11.jpg\"><img loading=\"lazy\" decoding=\"async\" class=\"card-img  rounded-lg \" src=\"https:\/\/assitej.pl\/wp-content\/uploads\/2023\/05\/Szekspir-11.jpg\" width=\"1087\" height=\"2048\" alt=\"\" \/><div class=\"card-img-overlay d-flex align-items-end pix-p-10\"><\/div><\/a><\/div><div class=\" grid-item pix-mb-20 \"><a class=\"card pix-lightbox pix-lightbox-item pix-hover-item  rounded-lg\" data-fancybox=\"gallery\" data-caption=\"\" href=\"https:\/\/assitej.pl\/wp-content\/uploads\/2023\/05\/Szekspir-12.jpg\"><img loading=\"lazy\" decoding=\"async\" class=\"card-img  rounded-lg \" src=\"https:\/\/assitej.pl\/wp-content\/uploads\/2023\/05\/Szekspir-12.jpg\" width=\"2048\" height=\"1536\" alt=\"\" \/><div class=\"card-img-overlay d-flex align-items-end pix-p-10\"><\/div><\/a><\/div><div class=\" grid-item pix-mb-20 \"><a class=\"card pix-lightbox pix-lightbox-item pix-hover-item  rounded-lg\" data-fancybox=\"gallery\" data-caption=\"\" href=\"https:\/\/assitej.pl\/wp-content\/uploads\/2023\/05\/Szekspir-13.jpg\"><img loading=\"lazy\" decoding=\"async\" class=\"card-img  rounded-lg \" src=\"https:\/\/assitej.pl\/wp-content\/uploads\/2023\/05\/Szekspir-13.jpg\" width=\"2048\" height=\"1536\" alt=\"\" \/><div class=\"card-img-overlay d-flex align-items-end pix-p-10\"><\/div><\/a><\/div><div class=\" grid-item pix-mb-20 \"><a class=\"card pix-lightbox pix-lightbox-item pix-hover-item  rounded-lg\" data-fancybox=\"gallery\" data-caption=\"\" href=\"https:\/\/assitej.pl\/wp-content\/uploads\/2023\/05\/Szekspir-15.jpg\"><img loading=\"lazy\" decoding=\"async\" class=\"card-img  rounded-lg \" src=\"https:\/\/assitej.pl\/wp-content\/uploads\/2023\/05\/Szekspir-15.jpg\" width=\"1280\" height=\"852\" alt=\"\" \/><div class=\"card-img-overlay d-flex align-items-end pix-p-10\"><\/div><\/a><\/div><div class=\" grid-item pix-mb-20 \"><a class=\"card pix-lightbox pix-lightbox-item pix-hover-item  rounded-lg\" data-fancybox=\"gallery\" data-caption=\"\" href=\"https:\/\/assitej.pl\/wp-content\/uploads\/2023\/05\/Szekspir-16.jpg\"><img loading=\"lazy\" decoding=\"async\" class=\"card-img  rounded-lg \" src=\"https:\/\/assitej.pl\/wp-content\/uploads\/2023\/05\/Szekspir-16.jpg\" width=\"1280\" height=\"852\" alt=\"\" \/><div class=\"card-img-overlay d-flex align-items-end pix-p-10\"><\/div><\/a><\/div><div class=\" grid-item pix-mb-20 \"><a class=\"card pix-lightbox pix-lightbox-item pix-hover-item  rounded-lg\" data-fancybox=\"gallery\" data-caption=\"\" href=\"https:\/\/assitej.pl\/wp-content\/uploads\/2023\/05\/Szekspir-17.jpg\"><img loading=\"lazy\" decoding=\"async\" class=\"card-img  rounded-lg \" src=\"https:\/\/assitej.pl\/wp-content\/uploads\/2023\/05\/Szekspir-17.jpg\" width=\"1280\" height=\"852\" alt=\"\" \/><div class=\"card-img-overlay d-flex align-items-end pix-p-10\"><\/div><\/a><\/div><div class=\" grid-item pix-mb-20 \"><a class=\"card pix-lightbox pix-lightbox-item pix-hover-item  rounded-lg\" data-fancybox=\"gallery\" data-caption=\"\" href=\"https:\/\/assitej.pl\/wp-content\/uploads\/2023\/05\/Szekspir-18.jpg\"><img loading=\"lazy\" decoding=\"async\" class=\"card-img  rounded-lg \" src=\"https:\/\/assitej.pl\/wp-content\/uploads\/2023\/05\/Szekspir-18.jpg\" width=\"1280\" height=\"852\" alt=\"\" \/><div class=\"card-img-overlay d-flex align-items-end pix-p-10\"><\/div><\/a><\/div><div class=\" grid-item pix-mb-20 \"><a class=\"card pix-lightbox pix-lightbox-item pix-hover-item  rounded-lg\" data-fancybox=\"gallery\" data-caption=\"\" href=\"https:\/\/assitej.pl\/wp-content\/uploads\/2023\/05\/Szekspir-20.jpg\"><img loading=\"lazy\" decoding=\"async\" class=\"card-img  rounded-lg \" src=\"https:\/\/assitej.pl\/wp-content\/uploads\/2023\/05\/Szekspir-20.jpg\" width=\"960\" height=\"638\" alt=\"\" \/><div class=\"card-img-overlay d-flex align-items-end pix-p-10\"><\/div><\/a><\/div><div class=\" grid-item pix-mb-20 \"><a class=\"card pix-lightbox pix-lightbox-item pix-hover-item  rounded-lg\" data-fancybox=\"gallery\" data-caption=\"\" href=\"https:\/\/assitej.pl\/wp-content\/uploads\/2023\/05\/Szekspir-21.jpg\"><img loading=\"lazy\" decoding=\"async\" class=\"card-img  rounded-lg \" src=\"https:\/\/assitej.pl\/wp-content\/uploads\/2023\/05\/Szekspir-21.jpg\" width=\"1280\" height=\"853\" alt=\"\" \/><div class=\"card-img-overlay d-flex align-items-end pix-p-10\"><\/div><\/a><\/div><div class=\" grid-item pix-mb-20 \"><a class=\"card pix-lightbox pix-lightbox-item pix-hover-item  rounded-lg\" data-fancybox=\"gallery\" data-caption=\"\" href=\"https:\/\/assitej.pl\/wp-content\/uploads\/2023\/05\/Szekspir-22.jpg\"><img loading=\"lazy\" decoding=\"async\" class=\"card-img  rounded-lg \" src=\"https:\/\/assitej.pl\/wp-content\/uploads\/2023\/05\/Szekspir-22.jpg\" width=\"1280\" height=\"853\" alt=\"\" \/><div class=\"card-img-overlay d-flex align-items-end pix-p-10\"><\/div><\/a><\/div><div class=\" grid-item pix-mb-20 \"><a class=\"card pix-lightbox pix-lightbox-item pix-hover-item  rounded-lg\" data-fancybox=\"gallery\" data-caption=\"\" href=\"https:\/\/assitej.pl\/wp-content\/uploads\/2023\/05\/Szekspir-25.jpg\"><img loading=\"lazy\" decoding=\"async\" class=\"card-img  rounded-lg \" src=\"https:\/\/assitej.pl\/wp-content\/uploads\/2023\/05\/Szekspir-25.jpg\" width=\"2048\" height=\"1365\" alt=\"\" \/><div class=\"card-img-overlay d-flex align-items-end pix-p-10\"><\/div><\/a><\/div><\/div><\/div>[\/vc_column][\/vc_row][\/vc_section]<\/section>","protected":false},"excerpt":{"rendered":"[vc_section full_width=&#8221;stretch_row&#8221; pix_over_visibility=&#8221;&#8221; bottom_divider_select=&#8221;17&#8243; b_2_color=&#8221;rgba(248,249,250,0.01)&#8221; b_3_color=&#8221;#f8f9fa&#8221;][vc_row pix_particles_check=&#8221;&#8221;][vc_column][\/vc_column][\/vc_row][vc_row content_placement=&#8221;middle&#8221; pix_particles_check=&#8221;&#8221;][vc_column content_align=&#8221;text-center&#8221;][\/vc_column][\/vc_row][vc_row pix_particles_check=&#8221;&#8221;][vc_column][\/vc_column][\/vc_row][vc_row pix_particles_check=&#8221;&#8221;][vc_column][\/vc_column][\/vc_row][vc_row pix_particles_check=&#8221;&#8221; css=&#8221;.vc_custom_1683886584862{padding-top: 15px !important;}&#8221;][vc_column width=&#8221;1\/2&#8243;][vc_video link=&#8221;https:\/\/www.youtube.com\/embed\/VeZp1ujcfLk&#8221;][\/vc_column][vc_column width=&#8221;1\/2&#8243;][vc_video link=&#8221;https:\/\/www.youtube.com\/watch?v=scKFSZt_fPg&#8221;][\/vc_column][\/vc_row][\/vc_section][vc_section full_width=&#8221;stretch_row&#8221; pix_over_visibility=&#8221;&#8221;][vc_row pix_particles_check=&#8221;&#8221;][vc_column][\/vc_column][\/vc_row][\/vc_section]","protected":false},"author":3,"featured_media":0,"parent":4635,"menu_order":0,"comment_status":"closed","ping_status":"closed","template":"","meta":{"footnotes":""},"class_list":["post-4656","page","type-page","status-publish","hentry"],"_links":{"self":[{"href":"https:\/\/assitej.pl\/en\/wp-json\/wp\/v2\/pages\/4656","targetHints":{"allow":["GET"]}}],"collection":[{"href":"https:\/\/assitej.pl\/en\/wp-json\/wp\/v2\/pages"}],"about":[{"href":"https:\/\/assitej.pl\/en\/wp-json\/wp\/v2\/types\/page"}],"author":[{"embeddable":true,"href":"https:\/\/assitej.pl\/en\/wp-json\/wp\/v2\/users\/3"}],"replies":[{"embeddable":true,"href":"https:\/\/assitej.pl\/en\/wp-json\/wp\/v2\/comments?post=4656"}],"version-history":[{"count":6,"href":"https:\/\/assitej.pl\/en\/wp-json\/wp\/v2\/pages\/4656\/revisions"}],"predecessor-version":[{"id":4850,"href":"https:\/\/assitej.pl\/en\/wp-json\/wp\/v2\/pages\/4656\/revisions\/4850"}],"up":[{"embeddable":true,"href":"https:\/\/assitej.pl\/en\/wp-json\/wp\/v2\/pages\/4635"}],"wp:attachment":[{"href":"https:\/\/assitej.pl\/en\/wp-json\/wp\/v2\/media?parent=4656"}],"curies":[{"name":"wp","href":"https:\/\/api.w.org\/{rel}","templated":true}]}}