{"id":4648,"date":"2023-05-05T14:38:59","date_gmt":"2023-05-05T12:38:59","guid":{"rendered":"https:\/\/assitej.pl\/activities\/korczak-laboratory\/"},"modified":"2023-06-03T17:03:13","modified_gmt":"2023-06-03T15:03:13","slug":"korczak-laboratory","status":"publish","type":"page","link":"https:\/\/assitej.pl\/en\/activities\/korczak-laboratory\/","title":{"rendered":"Korczak Laboratory"},"content":{"rendered":"<section class=\"wpb-content-wrapper\">[vc_section full_width=&#8221;stretch_row&#8221; pix_over_visibility=&#8221;&#8221; bottom_divider_select=&#8221;20&#8243; b_2_color=&#8221;rgba(248,249,250,0.01)&#8221; b_3_color=&#8221;#f8f9fa&#8221;][vc_row pix_particles_check=&#8221;&#8221;][vc_column]<div id=\"el1683712992800-171f0e29-8ca3\" class=\"pix-el-text   w-100  \" ><p class=\"\"><p>In 2018 and 2019, we carried out two editions of the KORCZAK LABORATORY project. They focused on promoting the thoughts and achievements of Janusz Korczak, directing the attention of their audience not to the death of the great educator, but to his life and views.<\/p>\n<p>Workshops with young people and the resulting performances &#8211; installations directed by Wojciech Faruga &#8211; were co-created with and addressed to teenagers, based on the principle of peer education.<\/p>\n<\/p><\/div><div  class=\"pix-heading-el text-left  vc_custom_1683722780406\"><div><div class=\"slide-in-container\"><h4 class=\"text-primary font-weight-bold heading-text el-title_custom_color mb-12\" style=\"\" data-anim-type=\"\" data-anim-delay=\"0\">The first edition (2018)<\/h4><\/div><\/div><\/div><div id=\"el1683721514620-d0a7d601-22db\" class=\"pix-el-text   w-100  \" ><p class=\"\"><p>The first edition (2018) focused on the youth of Janusz Korczak in order to build an alternative to the persona of the &#8216;Old Doctor&#8217; established in the collective consciousness and present Korczak as a dynamic personality, often torn by contradictions, but always faithful to his beliefs and values.<\/p>\n<\/p><\/div><div  class=\"pix-heading-el text-left \"><div><div class=\"slide-in-container\"><h6 class=\"text-black font-weight-bold heading-text el-title_custom_color mb-12\" style=\"\" data-anim-type=\"\" data-anim-delay=\"0\">The creators of Korczak Laboratory:<\/h6><\/div><\/div><\/div><div id=\"duo-icon-145682826\" class=\"slide-in-container w-100  \" ><div class=\"py-2 \"  ><div class=\"pix-feature-list        py-2 d-flex align-items-center\" ><i class=\"pixicon-star mr-2 text-primary\" ><\/i><span class=\"text-black\"><b>Direction \/ set design \/ costumes:<\/b> Wojciech&nbsp;Faruga<\/span><\/div><div class=\"pix-feature-list        py-2 d-flex align-items-center\" ><i class=\"pixicon-sheet-1 mr-2 text-primary\" ><\/i><span class=\"text-black\"><b>Text:<\/b> Weronika Murek<\/span><\/div><div class=\"pix-feature-list        py-2 d-flex align-items-center\" ><i class=\"pixicon-mr mr-2 text-primary\" ><\/i><span class=\"text-black\"><b>Workshop instructors:<\/b> Filip Grycmacher, Adam Biernacki, Grzegorz Layer, Micha\u0142 Centkowski, Krystian \u0141yso\u0144, Sebastian Kr\u00f3likowski, Anna Burzy\u0144ska, Emilia Mazur<\/span><\/div><\/div><\/div><div  class=\"pix-heading-el text-left  vc_custom_1685801637785\"><div><div class=\"slide-in-container\"><h4 class=\"text-primary font-weight-bold heading-text el-title_custom_color mb-12\" style=\"\" data-anim-type=\"\" data-anim-delay=\"0\">The second edition (Korczak Laboratory vol. 2 - Pani Stefa, 2019)<\/h4><\/div><\/div><\/div><div id=\"el1683721530903-67c896c1-6127\" class=\"pix-el-text   w-100  \" ><p class=\"\"><p>In the second edition (Korczak Laboratory vol. 2 &#8211; Pani Stefa, 2019), we told the story of Stefania Wilczy\u0144ska, a figure hugely important to Korczak, yet practically forgotten. Emmanuel Ringelblum, the author of the famous Holocaust archive, wrote of their collaboration: &#8220;They worked together all their lives. Even death did not separate them. They went to their deaths together. Everything connected with the person of Korczak &#8211; the boarding school, the promotion of love for children &#8211; everything is a joint achievement of both of them&#8221;.<\/p>\n<\/p><\/div><div  class=\"pix-heading-el text-left \"><div><div class=\"slide-in-container\"><h6 class=\"text-black font-weight-bold heading-text el-title_custom_color mb-12\" style=\"\" data-anim-type=\"\" data-anim-delay=\"0\">The creators of Korczak Laboratory vol. 2:<\/h6><\/div><\/div><\/div><div id=\"duo-icon-114108018\" class=\"slide-in-container w-100  \" ><div class=\"py-2 \"  ><div class=\"pix-feature-list        py-2 d-flex align-items-center\" ><i class=\"pixicon-star mr-2 text-primary\" ><\/i><span class=\"text-black\"><b>Direction \/ set design \/ costumes:<\/b> Wojciech&nbsp;Faruga<\/span><\/div><div class=\"pix-feature-list        py-2 d-flex align-items-center\" ><i class=\"pixicon-sheet-1 mr-2 text-primary\" ><\/i><span class=\"text-black\"><b>Text:<\/b> Weronika Murek<\/span><\/div><div class=\"pix-feature-list        py-2 d-flex align-items-center\" ><i class=\"pixicon-users-2 mr-2 text-primary\" ><\/i><span class=\"text-black\"><b>Actors:<\/b>Irena W\u00f3jcik \/ Sebastian Kr\u00f3likowski \/ Andrzej Michalski \/ students of the Halina and Jan Machulski\u2019s Acting School \/ workshop participants<\/span><\/div><\/div><\/div><div id=\"el1683721693535-42473b12-4f2e\" class=\"pix-el-text   w-100  \" ><p class=\"\"><p>The projects&#8217; partner was the Museum of Warsaw&#8217;s Praga, and they were co-financed by the National Centre of Culture.<\/p>\n<\/p><\/div>[\/vc_column][\/vc_row][\/vc_section][vc_section full_width=&#8221;stretch_row&#8221; pix_over_visibility=&#8221;&#8221;][vc_row pix_particles_check=&#8221;&#8221;][vc_column]<div class=\"pix-lightbox\"><div class=\"pix_masonry  pix-3-columns\" style=\"width:100%\"><div class=\"grid-sizer\"><\/div><div class=\"gutter-sizer\"><\/div><div class=\" grid-item pix-mb-20 \"><a class=\"card pix-lightbox pix-lightbox-item pix-hover-item  rounded-lg\" data-fancybox=\"gallery\" data-caption=\"\" href=\"https:\/\/assitej.pl\/wp-content\/uploads\/2023\/05\/1.-korczak-laboratorium-1.jpg\"><img loading=\"lazy\" decoding=\"async\" class=\"card-img  rounded-lg \" src=\"https:\/\/assitej.pl\/wp-content\/uploads\/2023\/05\/1.-korczak-laboratorium-1.jpg\" width=\"575\" height=\"575\" alt=\"\" \/><div class=\"card-img-overlay d-flex align-items-end pix-p-10\"><\/div><\/a><\/div><div class=\" grid-item pix-mb-20 \"><a class=\"card pix-lightbox pix-lightbox-item pix-hover-item  rounded-lg\" data-fancybox=\"gallery\" data-caption=\"\" href=\"https:\/\/assitej.pl\/wp-content\/uploads\/2023\/05\/2.-korczak-laboratorium-vol-2.jpg\"><img loading=\"lazy\" decoding=\"async\" class=\"card-img  rounded-lg \" src=\"https:\/\/assitej.pl\/wp-content\/uploads\/2023\/05\/2.-korczak-laboratorium-vol-2.jpg\" width=\"591\" height=\"851\" alt=\"\" \/><div class=\"card-img-overlay d-flex align-items-end pix-p-10\"><\/div><\/a><\/div><div class=\" grid-item pix-mb-20 \"><a class=\"card pix-lightbox pix-lightbox-item pix-hover-item  rounded-lg\" data-fancybox=\"gallery\" data-caption=\"\" href=\"https:\/\/assitej.pl\/wp-content\/uploads\/2023\/05\/korczak-laboratorium-1.jpg\"><img loading=\"lazy\" decoding=\"async\" class=\"card-img  rounded-lg \" src=\"https:\/\/assitej.pl\/wp-content\/uploads\/2023\/05\/korczak-laboratorium-1.jpg\" width=\"1400\" height=\"933\" alt=\"\" \/><div class=\"card-img-overlay d-flex align-items-end pix-p-10\"><\/div><\/a><\/div><div class=\" grid-item pix-mb-20 \"><a class=\"card pix-lightbox pix-lightbox-item pix-hover-item  rounded-lg\" data-fancybox=\"gallery\" data-caption=\"\" href=\"https:\/\/assitej.pl\/wp-content\/uploads\/2023\/05\/korczak-laboratorium-3.jpg\"><img loading=\"lazy\" decoding=\"async\" class=\"card-img  rounded-lg \" src=\"https:\/\/assitej.pl\/wp-content\/uploads\/2023\/05\/korczak-laboratorium-3.jpg\" width=\"1400\" height=\"934\" alt=\"\" \/><div class=\"card-img-overlay d-flex align-items-end pix-p-10\"><\/div><\/a><\/div><div class=\" grid-item pix-mb-20 \"><a class=\"card pix-lightbox pix-lightbox-item pix-hover-item  rounded-lg\" data-fancybox=\"gallery\" data-caption=\"\" href=\"https:\/\/assitej.pl\/wp-content\/uploads\/2023\/05\/korczak-laboratorium-4.jpg\"><img loading=\"lazy\" decoding=\"async\" class=\"card-img  rounded-lg \" src=\"https:\/\/assitej.pl\/wp-content\/uploads\/2023\/05\/korczak-laboratorium-4.jpg\" width=\"1400\" height=\"933\" alt=\"\" \/><div class=\"card-img-overlay d-flex align-items-end pix-p-10\"><\/div><\/a><\/div><div class=\" grid-item grid-item--width2 pix-mb-20 \"><a class=\"card pix-lightbox pix-lightbox-item pix-hover-item  rounded-lg\" data-fancybox=\"gallery\" data-caption=\"\" href=\"https:\/\/assitej.pl\/wp-content\/uploads\/2023\/05\/korczak-laboratorium-5.jpg\"><img loading=\"lazy\" decoding=\"async\" class=\"card-img  rounded-lg \" src=\"https:\/\/assitej.pl\/wp-content\/uploads\/2023\/05\/korczak-laboratorium-5.jpg\" width=\"1400\" height=\"933\" alt=\"\" \/><div class=\"card-img-overlay d-flex align-items-end pix-p-10\"><\/div><\/a><\/div><div class=\" grid-item pix-mb-20 \"><a class=\"card pix-lightbox pix-lightbox-item pix-hover-item  rounded-lg\" data-fancybox=\"gallery\" data-caption=\"\" href=\"https:\/\/assitej.pl\/wp-content\/uploads\/2023\/05\/korczak-laboratorium-7.jpg\"><img loading=\"lazy\" decoding=\"async\" class=\"card-img  rounded-lg \" src=\"https:\/\/assitej.pl\/wp-content\/uploads\/2023\/05\/korczak-laboratorium-7.jpg\" width=\"1400\" height=\"933\" alt=\"\" \/><div class=\"card-img-overlay d-flex align-items-end pix-p-10\"><\/div><\/a><\/div><div class=\" grid-item pix-mb-20 \"><a class=\"card pix-lightbox pix-lightbox-item pix-hover-item  rounded-lg\" data-fancybox=\"gallery\" data-caption=\"\" href=\"https:\/\/assitej.pl\/wp-content\/uploads\/2023\/05\/korczak-laboratorium-8.jpg\"><img loading=\"lazy\" decoding=\"async\" class=\"card-img  rounded-lg \" src=\"https:\/\/assitej.pl\/wp-content\/uploads\/2023\/05\/korczak-laboratorium-8.jpg\" width=\"1400\" height=\"933\" alt=\"\" \/><div class=\"card-img-overlay d-flex align-items-end pix-p-10\"><\/div><\/a><\/div><div class=\" grid-item pix-mb-20 \"><a class=\"card pix-lightbox pix-lightbox-item pix-hover-item  rounded-lg\" data-fancybox=\"gallery\" data-caption=\"\" href=\"https:\/\/assitej.pl\/wp-content\/uploads\/2023\/05\/korczak-laboratorium-9.jpg\"><img loading=\"lazy\" decoding=\"async\" class=\"card-img  rounded-lg \" src=\"https:\/\/assitej.pl\/wp-content\/uploads\/2023\/05\/korczak-laboratorium-9.jpg\" width=\"1400\" height=\"933\" alt=\"\" \/><div class=\"card-img-overlay d-flex align-items-end pix-p-10\"><\/div><\/a><\/div><\/div><\/div>[\/vc_column][\/vc_row][\/vc_section]<\/section>","protected":false},"excerpt":{"rendered":"[vc_section full_width=&#8221;stretch_row&#8221; pix_over_visibility=&#8221;&#8221; bottom_divider_select=&#8221;20&#8243; b_2_color=&#8221;rgba(248,249,250,0.01)&#8221; b_3_color=&#8221;#f8f9fa&#8221;][vc_row pix_particles_check=&#8221;&#8221;][vc_column][\/vc_column][\/vc_row][\/vc_section][vc_section full_width=&#8221;stretch_row&#8221; pix_over_visibility=&#8221;&#8221;][vc_row pix_particles_check=&#8221;&#8221;][vc_column][\/vc_column][\/vc_row][\/vc_section]","protected":false},"author":3,"featured_media":0,"parent":4635,"menu_order":0,"comment_status":"closed","ping_status":"closed","template":"","meta":{"footnotes":""},"class_list":["post-4648","page","type-page","status-publish","hentry"],"_links":{"self":[{"href":"https:\/\/assitej.pl\/en\/wp-json\/wp\/v2\/pages\/4648","targetHints":{"allow":["GET"]}}],"collection":[{"href":"https:\/\/assitej.pl\/en\/wp-json\/wp\/v2\/pages"}],"about":[{"href":"https:\/\/assitej.pl\/en\/wp-json\/wp\/v2\/types\/page"}],"author":[{"embeddable":true,"href":"https:\/\/assitej.pl\/en\/wp-json\/wp\/v2\/users\/3"}],"replies":[{"embeddable":true,"href":"https:\/\/assitej.pl\/en\/wp-json\/wp\/v2\/comments?post=4648"}],"version-history":[{"count":5,"href":"https:\/\/assitej.pl\/en\/wp-json\/wp\/v2\/pages\/4648\/revisions"}],"predecessor-version":[{"id":4688,"href":"https:\/\/assitej.pl\/en\/wp-json\/wp\/v2\/pages\/4648\/revisions\/4688"}],"up":[{"embeddable":true,"href":"https:\/\/assitej.pl\/en\/wp-json\/wp\/v2\/pages\/4635"}],"wp:attachment":[{"href":"https:\/\/assitej.pl\/en\/wp-json\/wp\/v2\/media?parent=4648"}],"curies":[{"name":"wp","href":"https:\/\/api.w.org\/{rel}","templated":true}]}}