{"id":4640,"date":"2023-05-05T14:38:11","date_gmt":"2023-05-05T12:38:11","guid":{"rendered":"https:\/\/assitej.pl\/activities\/halina-and-jan-machulskis-acting-school\/"},"modified":"2023-06-28T14:22:15","modified_gmt":"2023-06-28T12:22:15","slug":"halina-and-jan-machulskis-acting-school","status":"publish","type":"page","link":"https:\/\/assitej.pl\/en\/activities\/halina-and-jan-machulskis-acting-school\/","title":{"rendered":"Halina and&nbsp;Jan Machulski\u2019s Acting School"},"content":{"rendered":"<section class=\"wpb-content-wrapper\">[vc_section pix_over_visibility=&#8221;&#8221;][vc_row pix_particles_check=&#8221;&#8221;][vc_column width=&#8221;5\/12&#8243;][vc_single_image image=&#8221;3939&#8243; img_size=&#8221;medium&#8221; alignment=&#8221;center&#8221;][\/vc_column][vc_column width=&#8221;7\/12&#8243;]<div id=\"duo-icon-113857457\" class=\"slide-in-container w-100  \" ><div class=\"py-2 \"  ><div class=\"pix-feature-list   font-weight-bold     py-2 d-flex align-items-center\" ><a class=\"d-flex align-items-center\" href=\"mailto:aktorskamachulskich@gmail.com\" target=\"\"><i class=\"pixicon-email-1 mr-2 text-primary\" ><\/i><span class=\"text-primary\">aktorskamachulskich@gmail.com<\/span><\/a><\/div><div class=\"pix-feature-list   font-weight-bold     py-2 d-flex align-items-center\" ><a class=\"d-flex align-items-center\" href=\"tel:511744557\" target=\"\"><i class=\"pixicon-phone mr-2 text-primary\" ><\/i><span class=\"text-primary\">511 744 557<\/span><\/a><\/div><\/div><\/div><div id=\"duo-icon-27742107\" class=\"slide-in-container w-100  \" ><div class=\"py-2 \"  ><div class=\"pix-feature-list   font-weight-bold     py-2 d-flex align-items-center\" ><a class=\"d-flex align-items-center\" href=\"http:\/\/aktorskamachulskich.pl\" target=\"_blank\"><i class=\"pixicon-world-map-2 mr-2 text-primary\" ><\/i><span class=\"text-primary\">aktorskamachulskich.pl<\/span><\/a><\/div><div class=\"pix-feature-list   font-weight-bold     py-2 d-flex align-items-center\" ><a class=\"d-flex align-items-center\" href=\"http:\/\/instagram.com\/aktorskamachulskich\" target=\"_blank\"><i class=\"pixicon-instagram2 mr-2 text-primary\" ><\/i><span class=\"text-primary\">instagram.com\/aktorskamachulskich<\/span><\/a><\/div><div class=\"pix-feature-list   font-weight-bold     py-2 d-flex align-items-center\" ><a class=\"d-flex align-items-center\" href=\"https:\/\/www.facebook.com\/machulscy\/\" target=\"_blank\"><i class=\"pixicon-facebook3 mr-2 text-primary\" ><\/i><span class=\"text-primary\">facebook.com\/machulscy\/<\/span><\/a><\/div><\/div><\/div>[\/vc_column][\/vc_row][vc_row pix_particles_check=&#8221;&#8221;][vc_column]<div id=\"el1683709289826-f3f6777b-def5\" class=\"pix-el-text   w-100  \" ><p class=\"\"><p>A school of acting, intended for adults, has been operating at the Polish ASSITEJ Centre since 1999. The School was initiated by Jan Machulski &#8211; theatre and film actor, director, long-time lecturer and dean at the National Film, Television and Theatre School in \u0141\u00f3d\u017a. The school follows an original curriculum. It educates professional actors, but also theatre educators. Graduates are prepared to create their own theatre groups, as well as to work in public and independent theatres. Every year, more graduation plays are produced, available to the public free of charge. Until 2020, the school was a non-public school with the rights of a public school granted by the Minister of Culture and National Heritage. Since 2020, Halina and Jan Machulski\u2019s Acting School became an experimental private school. Since October 2022, the organisational supervision of the School has been provided by the Halina and Jan Machulski Alumni Foundation (Fundacja Wychowank\u00f3w Haliny i Jana Machulskich)<\/p>\n<\/p><\/div>[\/vc_column][\/vc_row][vc_row content_placement=&#8221;middle&#8221; pix_particles_check=&#8221;&#8221; el_class=&#8221;d-flex justify-content-center my-4&#8243;][vc_column width=&#8221;1\/4&#8243;]<div id=\"duo-icon-168241932\" class=\"pix-feature-el text-center \"><div class=\"rounded-circle d-inline-block bg-gradient-primary-light \"   style=\" width:108px;height:108px;position:relative;line-height:108px;text-align:center;\"><i style=\"display:inline-block;font-size:60px;line-height:60px;\" class=\"text-primary align-middle pixicon-star\"><\/i><\/div><h5 class=\"font-weight-bold  secondary-font text-heading-default \" style=\"padding-top:20px;\"  >Adam Biernacki<\/h5><div class=\"text-body-default text-20     \" style=\"padding-top:10px;\"  >director<\/div><\/div>[\/vc_column][\/vc_row][\/vc_section][vc_section full_width=&#8221;stretch_row&#8221; pix_over_visibility=&#8221;&#8221; top_divider_select=&#8221;17&#8243; t_2_color=&#8221;rgba(248,249,250,0.01)&#8221; t_3_color=&#8221;#f8f9fa&#8221;][vc_row pix_particles_check=&#8221;&#8221;][vc_column]<div class=\"pix-lightbox\"><div class=\"pix_masonry  pix-3-columns\" style=\"width:100%\"><div class=\"grid-sizer\"><\/div><div class=\"gutter-sizer\"><\/div><div class=\" grid-item pix-mb-20 \"><a class=\"card pix-lightbox pix-lightbox-item pix-hover-item  rounded-lg\" data-fancybox=\"gallery\" data-caption=\"\" href=\"https:\/\/assitej.pl\/wp-content\/uploads\/2023\/05\/2018-UnpresentRed-1.jpg\"><img loading=\"lazy\" decoding=\"async\" class=\"card-img  rounded-lg \" src=\"https:\/\/assitej.pl\/wp-content\/uploads\/2023\/05\/2018-UnpresentRed-1.jpg\" width=\"1956\" height=\"1322\" alt=\"\" \/><div class=\"card-img-overlay d-flex align-items-end pix-p-10\"><\/div><\/a><\/div><div class=\" grid-item pix-mb-20 \"><a class=\"card pix-lightbox pix-lightbox-item pix-hover-item  rounded-lg\" data-fancybox=\"gallery\" data-caption=\"\" href=\"https:\/\/assitej.pl\/wp-content\/uploads\/2023\/05\/2018-UnpresentRed-2.jpg\"><img loading=\"lazy\" decoding=\"async\" class=\"card-img  rounded-lg \" src=\"https:\/\/assitej.pl\/wp-content\/uploads\/2023\/05\/2018-UnpresentRed-2.jpg\" width=\"2027\" height=\"1351\" alt=\"\" \/><div class=\"card-img-overlay d-flex align-items-end pix-p-10\"><\/div><\/a><\/div><div class=\" grid-item pix-mb-20 \"><a class=\"card pix-lightbox pix-lightbox-item pix-hover-item  rounded-lg\" data-fancybox=\"gallery\" data-caption=\"\" href=\"https:\/\/assitej.pl\/wp-content\/uploads\/2023\/05\/2018-UnpresentRed-3-1.jpg\"><img loading=\"lazy\" decoding=\"async\" class=\"card-img  rounded-lg \" src=\"https:\/\/assitej.pl\/wp-content\/uploads\/2023\/05\/2018-UnpresentRed-3-1.jpg\" width=\"1956\" height=\"1231\" alt=\"\" \/><div class=\"card-img-overlay d-flex align-items-end pix-p-10\"><\/div><\/a><\/div><div class=\" grid-item grid-item--width2 pix-mb-20 \"><a class=\"card pix-lightbox pix-lightbox-item pix-hover-item  rounded-lg\" data-fancybox=\"gallery\" data-caption=\"\" href=\"https:\/\/assitej.pl\/wp-content\/uploads\/2023\/05\/2018-z-Dochodzenie.jpg\"><img loading=\"lazy\" decoding=\"async\" class=\"card-img  rounded-lg \" src=\"https:\/\/assitej.pl\/wp-content\/uploads\/2023\/05\/2018-z-Dochodzenie.jpg\" width=\"960\" height=\"514\" alt=\"\" \/><div class=\"card-img-overlay d-flex align-items-end pix-p-10\"><\/div><\/a><\/div><div class=\" grid-item pix-mb-20 \"><a class=\"card pix-lightbox pix-lightbox-item pix-hover-item  rounded-lg\" data-fancybox=\"gallery\" data-caption=\"\" href=\"https:\/\/assitej.pl\/wp-content\/uploads\/2023\/05\/2019-Macica-2-1.jpg\"><img loading=\"lazy\" decoding=\"async\" class=\"card-img  rounded-lg \" src=\"https:\/\/assitej.pl\/wp-content\/uploads\/2023\/05\/2019-Macica-2-1.jpg\" width=\"1331\" height=\"887\" alt=\"\" \/><div class=\"card-img-overlay d-flex align-items-end pix-p-10\"><\/div><\/a><\/div><div class=\" grid-item pix-mb-20 \"><a class=\"card pix-lightbox pix-lightbox-item pix-hover-item  rounded-lg\" data-fancybox=\"gallery\" data-caption=\"\" href=\"https:\/\/assitej.pl\/wp-content\/uploads\/2023\/05\/2019-Macica-2-2.jpg\"><img loading=\"lazy\" decoding=\"async\" class=\"card-img  rounded-lg \" src=\"https:\/\/assitej.pl\/wp-content\/uploads\/2023\/05\/2019-Macica-2-2.jpg\" width=\"1343\" height=\"895\" alt=\"\" \/><div class=\"card-img-overlay d-flex align-items-end pix-p-10\"><\/div><\/a><\/div><div class=\" grid-item pix-mb-20 \"><a class=\"card pix-lightbox pix-lightbox-item pix-hover-item  rounded-lg\" data-fancybox=\"gallery\" data-caption=\"\" href=\"https:\/\/assitej.pl\/wp-content\/uploads\/2023\/05\/2019-Macica-2-3.jpg\"><img loading=\"lazy\" decoding=\"async\" class=\"card-img  rounded-lg \" src=\"https:\/\/assitej.pl\/wp-content\/uploads\/2023\/05\/2019-Macica-2-3.jpg\" width=\"1294\" height=\"863\" alt=\"\" \/><div class=\"card-img-overlay d-flex align-items-end pix-p-10\"><\/div><\/a><\/div><div class=\" grid-item pix-mb-20 \"><a class=\"card pix-lightbox pix-lightbox-item pix-hover-item  rounded-lg\" data-fancybox=\"gallery\" data-caption=\"\" href=\"https:\/\/assitej.pl\/wp-content\/uploads\/2023\/05\/2019-Macica-2-4.jpg\"><img loading=\"lazy\" decoding=\"async\" class=\"card-img  rounded-lg \" src=\"https:\/\/assitej.pl\/wp-content\/uploads\/2023\/05\/2019-Macica-2-4.jpg\" width=\"1225\" height=\"824\" alt=\"\" \/><div class=\"card-img-overlay d-flex align-items-end pix-p-10\"><\/div><\/a><\/div><div class=\" grid-item pix-mb-20 \"><a class=\"card pix-lightbox pix-lightbox-item pix-hover-item  rounded-lg\" data-fancybox=\"gallery\" data-caption=\"\" href=\"https:\/\/assitej.pl\/wp-content\/uploads\/2023\/05\/2020-02-02-49-1.jpg\"><img loading=\"lazy\" decoding=\"async\" class=\"card-img  rounded-lg \" src=\"https:\/\/assitej.pl\/wp-content\/uploads\/2023\/05\/2020-02-02-49-1.jpg\" width=\"1400\" height=\"933\" alt=\"\" \/><div class=\"card-img-overlay d-flex align-items-end pix-p-10\"><\/div><\/a><\/div><div class=\" grid-item pix-mb-20 \"><a class=\"card pix-lightbox pix-lightbox-item pix-hover-item  rounded-lg\" data-fancybox=\"gallery\" data-caption=\"\" href=\"https:\/\/assitej.pl\/wp-content\/uploads\/2023\/05\/2020-02-02-105.jpg\"><img loading=\"lazy\" decoding=\"async\" class=\"card-img  rounded-lg \" src=\"https:\/\/assitej.pl\/wp-content\/uploads\/2023\/05\/2020-02-02-105.jpg\" width=\"1400\" height=\"933\" alt=\"\" \/><div class=\"card-img-overlay d-flex align-items-end pix-p-10\"><\/div><\/a><\/div><div class=\" grid-item pix-mb-20 \"><a class=\"card pix-lightbox pix-lightbox-item pix-hover-item  rounded-lg\" data-fancybox=\"gallery\" data-caption=\"\" href=\"https:\/\/assitej.pl\/wp-content\/uploads\/2023\/05\/2020-02-02-119.jpg\"><img loading=\"lazy\" decoding=\"async\" class=\"card-img  rounded-lg \" src=\"https:\/\/assitej.pl\/wp-content\/uploads\/2023\/05\/2020-02-02-119.jpg\" width=\"1400\" height=\"983\" alt=\"\" \/><div class=\"card-img-overlay d-flex align-items-end pix-p-10\"><\/div><\/a><\/div><div class=\" grid-item pix-mb-20 \"><a class=\"card pix-lightbox pix-lightbox-item pix-hover-item  rounded-lg\" data-fancybox=\"gallery\" data-caption=\"\" href=\"https:\/\/assitej.pl\/wp-content\/uploads\/2023\/05\/2020-Pierwszy-raz-1.jpg\"><img loading=\"lazy\" decoding=\"async\" class=\"card-img  rounded-lg \" src=\"https:\/\/assitej.pl\/wp-content\/uploads\/2023\/05\/2020-Pierwszy-raz-1.jpg\" width=\"1400\" height=\"933\" alt=\"\" \/><div class=\"card-img-overlay d-flex align-items-end pix-p-10\"><\/div><\/a><\/div><div class=\" grid-item pix-mb-20 \"><a class=\"card pix-lightbox pix-lightbox-item pix-hover-item  rounded-lg\" data-fancybox=\"gallery\" data-caption=\"\" href=\"https:\/\/assitej.pl\/wp-content\/uploads\/2023\/05\/2020-Pierwszy-raz-2-1.jpg\"><img loading=\"lazy\" decoding=\"async\" class=\"card-img  rounded-lg \" src=\"https:\/\/assitej.pl\/wp-content\/uploads\/2023\/05\/2020-Pierwszy-raz-2-1.jpg\" width=\"1400\" height=\"933\" alt=\"\" \/><div class=\"card-img-overlay d-flex align-items-end pix-p-10\"><\/div><\/a><\/div><div class=\" grid-item pix-mb-20 \"><a class=\"card pix-lightbox pix-lightbox-item pix-hover-item  rounded-lg\" data-fancybox=\"gallery\" data-caption=\"\" href=\"https:\/\/assitej.pl\/wp-content\/uploads\/2023\/05\/2020-Pierwszy-raz-3.jpg\"><img loading=\"lazy\" decoding=\"async\" class=\"card-img  rounded-lg \" src=\"https:\/\/assitej.pl\/wp-content\/uploads\/2023\/05\/2020-Pierwszy-raz-3.jpg\" width=\"1400\" height=\"927\" alt=\"\" \/><div class=\"card-img-overlay d-flex align-items-end pix-p-10\"><\/div><\/a><\/div><div class=\" grid-item pix-mb-20 \"><a class=\"card pix-lightbox pix-lightbox-item pix-hover-item  rounded-lg\" data-fancybox=\"gallery\" data-caption=\"\" href=\"https:\/\/assitej.pl\/wp-content\/uploads\/2023\/05\/2021-11-21-Dawno-dawno-temu-32.jpg\"><img loading=\"lazy\" decoding=\"async\" class=\"card-img  rounded-lg \" src=\"https:\/\/assitej.pl\/wp-content\/uploads\/2023\/05\/2021-11-21-Dawno-dawno-temu-32.jpg\" width=\"1400\" height=\"933\" alt=\"\" \/><div class=\"card-img-overlay d-flex align-items-end pix-p-10\"><\/div><\/a><\/div><div class=\" grid-item pix-mb-20 \"><a class=\"card pix-lightbox pix-lightbox-item pix-hover-item  rounded-lg\" data-fancybox=\"gallery\" data-caption=\"\" href=\"https:\/\/assitej.pl\/wp-content\/uploads\/2023\/05\/2021-11-21-Dawno-dawno-temu-44-1.jpg\"><img loading=\"lazy\" decoding=\"async\" class=\"card-img  rounded-lg \" src=\"https:\/\/assitej.pl\/wp-content\/uploads\/2023\/05\/2021-11-21-Dawno-dawno-temu-44-1.jpg\" width=\"1400\" height=\"933\" alt=\"\" \/><div class=\"card-img-overlay d-flex align-items-end pix-p-10\"><\/div><\/a><\/div><div class=\" grid-item pix-mb-20 \"><a class=\"card pix-lightbox pix-lightbox-item pix-hover-item  rounded-lg\" data-fancybox=\"gallery\" data-caption=\"\" href=\"https:\/\/assitej.pl\/wp-content\/uploads\/2023\/05\/2022-03-06-247-Dekameron-proba.jpg\"><img loading=\"lazy\" decoding=\"async\" class=\"card-img  rounded-lg \" src=\"https:\/\/assitej.pl\/wp-content\/uploads\/2023\/05\/2022-03-06-247-Dekameron-proba.jpg\" width=\"1400\" height=\"933\" alt=\"\" \/><div class=\"card-img-overlay d-flex align-items-end pix-p-10\"><\/div><\/a><\/div><div class=\" grid-item pix-mb-20 \"><a class=\"card pix-lightbox pix-lightbox-item pix-hover-item  rounded-lg\" data-fancybox=\"gallery\" data-caption=\"\" href=\"https:\/\/assitej.pl\/wp-content\/uploads\/2023\/05\/2022-03-06-1054-Dekameron-premiera.jpg\"><img loading=\"lazy\" decoding=\"async\" class=\"card-img  rounded-lg \" src=\"https:\/\/assitej.pl\/wp-content\/uploads\/2023\/05\/2022-03-06-1054-Dekameron-premiera.jpg\" width=\"1400\" height=\"933\" alt=\"\" \/><div class=\"card-img-overlay d-flex align-items-end pix-p-10\"><\/div><\/a><\/div><div class=\" grid-item pix-mb-20 \"><a class=\"card pix-lightbox pix-lightbox-item pix-hover-item  rounded-lg\" data-fancybox=\"gallery\" data-caption=\"\" href=\"https:\/\/assitej.pl\/wp-content\/uploads\/2023\/05\/2022-03-06-1054-Dekameron-premiera.jpg\"><img loading=\"lazy\" decoding=\"async\" class=\"card-img  rounded-lg \" src=\"https:\/\/assitej.pl\/wp-content\/uploads\/2023\/05\/2022-03-06-1054-Dekameron-premiera.jpg\" width=\"1400\" height=\"933\" alt=\"\" \/><div class=\"card-img-overlay d-flex align-items-end pix-p-10\"><\/div><\/a><\/div><div class=\" grid-item pix-mb-20 \"><a class=\"card pix-lightbox pix-lightbox-item pix-hover-item  rounded-lg\" data-fancybox=\"gallery\" data-caption=\"\" href=\"https:\/\/assitej.pl\/wp-content\/uploads\/2023\/05\/2022-06-18-Mala-Moskwa-28.jpg\"><img loading=\"lazy\" decoding=\"async\" class=\"card-img  rounded-lg \" src=\"https:\/\/assitej.pl\/wp-content\/uploads\/2023\/05\/2022-06-18-Mala-Moskwa-28.jpg\" width=\"1400\" height=\"934\" alt=\"\" \/><div class=\"card-img-overlay d-flex align-items-end pix-p-10\"><\/div><\/a><\/div><div class=\" grid-item pix-mb-20 \"><a class=\"card pix-lightbox pix-lightbox-item pix-hover-item  rounded-lg\" data-fancybox=\"gallery\" data-caption=\"\" href=\"https:\/\/assitej.pl\/wp-content\/uploads\/2023\/05\/2022-06-18-Mala-Moskwa-81.jpg\"><img loading=\"lazy\" decoding=\"async\" class=\"card-img  rounded-lg \" src=\"https:\/\/assitej.pl\/wp-content\/uploads\/2023\/05\/2022-06-18-Mala-Moskwa-81.jpg\" width=\"1400\" height=\"934\" alt=\"\" \/><div class=\"card-img-overlay d-flex align-items-end pix-p-10\"><\/div><\/a><\/div><div class=\" grid-item pix-mb-20 \"><a class=\"card pix-lightbox pix-lightbox-item pix-hover-item  rounded-lg\" data-fancybox=\"gallery\" data-caption=\"\" href=\"https:\/\/assitej.pl\/wp-content\/uploads\/2023\/05\/2022-06-18-Mala-Moskwa-259-1.jpg\"><img loading=\"lazy\" decoding=\"async\" class=\"card-img  rounded-lg \" src=\"https:\/\/assitej.pl\/wp-content\/uploads\/2023\/05\/2022-06-18-Mala-Moskwa-259-1.jpg\" width=\"1400\" height=\"933\" alt=\"\" \/><div class=\"card-img-overlay d-flex align-items-end pix-p-10\"><\/div><\/a><\/div><div class=\" grid-item pix-mb-20 \"><a class=\"card pix-lightbox pix-lightbox-item pix-hover-item  rounded-lg\" data-fancybox=\"gallery\" data-caption=\"\" href=\"https:\/\/assitej.pl\/wp-content\/uploads\/2023\/05\/2022-Maski-1.jpg\"><img loading=\"lazy\" decoding=\"async\" class=\"card-img  rounded-lg \" src=\"https:\/\/assitej.pl\/wp-content\/uploads\/2023\/05\/2022-Maski-1.jpg\" width=\"2048\" height=\"1364\" alt=\"\" \/><div class=\"card-img-overlay d-flex align-items-end pix-p-10\"><\/div><\/a><\/div><div class=\" grid-item pix-mb-20 \"><a class=\"card pix-lightbox pix-lightbox-item pix-hover-item  rounded-lg\" data-fancybox=\"gallery\" data-caption=\"\" href=\"https:\/\/assitej.pl\/wp-content\/uploads\/2023\/05\/2022-Maski-2-1.jpg\"><img loading=\"lazy\" decoding=\"async\" class=\"card-img  rounded-lg \" src=\"https:\/\/assitej.pl\/wp-content\/uploads\/2023\/05\/2022-Maski-2-1.jpg\" width=\"2048\" height=\"1366\" alt=\"\" \/><div class=\"card-img-overlay d-flex align-items-end pix-p-10\"><\/div><\/a><\/div><div class=\" grid-item pix-mb-20 \"><a class=\"card pix-lightbox pix-lightbox-item pix-hover-item  rounded-lg\" data-fancybox=\"gallery\" data-caption=\"\" href=\"https:\/\/assitej.pl\/wp-content\/uploads\/2023\/05\/2022-Maski-3-1.jpg\"><img loading=\"lazy\" decoding=\"async\" class=\"card-img  rounded-lg \" src=\"https:\/\/assitej.pl\/wp-content\/uploads\/2023\/05\/2022-Maski-3-1.jpg\" width=\"2048\" height=\"1366\" alt=\"\" \/><div class=\"card-img-overlay d-flex align-items-end pix-p-10\"><\/div><\/a><\/div><div class=\" grid-item pix-mb-20 \"><a class=\"card pix-lightbox pix-lightbox-item pix-hover-item  rounded-lg\" data-fancybox=\"gallery\" data-caption=\"\" href=\"https:\/\/assitej.pl\/wp-content\/uploads\/2023\/05\/2022-witkacy-1.jpg\"><img loading=\"lazy\" decoding=\"async\" class=\"card-img  rounded-lg \" src=\"https:\/\/assitej.pl\/wp-content\/uploads\/2023\/05\/2022-witkacy-1.jpg\" width=\"2048\" height=\"1366\" alt=\"\" \/><div class=\"card-img-overlay d-flex align-items-end pix-p-10\"><\/div><\/a><\/div><div class=\" grid-item pix-mb-20 \"><a class=\"card pix-lightbox pix-lightbox-item pix-hover-item  rounded-lg\" data-fancybox=\"gallery\" data-caption=\"\" href=\"https:\/\/assitej.pl\/wp-content\/uploads\/2023\/05\/2022-witkacy-2.jpg\"><img loading=\"lazy\" decoding=\"async\" class=\"card-img  rounded-lg \" src=\"https:\/\/assitej.pl\/wp-content\/uploads\/2023\/05\/2022-witkacy-2.jpg\" width=\"2048\" height=\"1366\" alt=\"\" \/><div class=\"card-img-overlay d-flex align-items-end pix-p-10\"><\/div><\/a><\/div><div class=\" grid-item pix-mb-20 \"><a class=\"card pix-lightbox pix-lightbox-item pix-hover-item  rounded-lg\" data-fancybox=\"gallery\" data-caption=\"\" href=\"https:\/\/assitej.pl\/wp-content\/uploads\/2023\/05\/2022-witkacy-3.jpg\"><img loading=\"lazy\" decoding=\"async\" class=\"card-img  rounded-lg \" src=\"https:\/\/assitej.pl\/wp-content\/uploads\/2023\/05\/2022-witkacy-3.jpg\" width=\"2048\" height=\"1366\" alt=\"\" \/><div class=\"card-img-overlay d-flex align-items-end pix-p-10\"><\/div><\/a><\/div><\/div><\/div>[\/vc_column][\/vc_row][\/vc_section]<\/section>","protected":false},"excerpt":{"rendered":"[vc_section pix_over_visibility=&#8221;&#8221;][vc_row pix_particles_check=&#8221;&#8221;][vc_column width=&#8221;5\/12&#8243;][vc_single_image image=&#8221;3939&#8243; img_size=&#8221;medium&#8221; alignment=&#8221;center&#8221;][\/vc_column][vc_column width=&#8221;7\/12&#8243;][\/vc_column][\/vc_row][vc_row pix_particles_check=&#8221;&#8221;][vc_column][\/vc_column][\/vc_row][vc_row content_placement=&#8221;middle&#8221; pix_particles_check=&#8221;&#8221; el_class=&#8221;d-flex justify-content-center my-4&#8243;][vc_column width=&#8221;1\/4&#8243;][\/vc_column][\/vc_row][\/vc_section][vc_section full_width=&#8221;stretch_row&#8221; pix_over_visibility=&#8221;&#8221; top_divider_select=&#8221;17&#8243; t_2_color=&#8221;rgba(248,249,250,0.01)&#8221; t_3_color=&#8221;#f8f9fa&#8221;][vc_row pix_particles_check=&#8221;&#8221;][vc_column][\/vc_column][\/vc_row][\/vc_section]","protected":false},"author":3,"featured_media":0,"parent":4635,"menu_order":0,"comment_status":"closed","ping_status":"closed","template":"","meta":{"footnotes":""},"class_list":["post-4640","page","type-page","status-publish","hentry"],"_links":{"self":[{"href":"https:\/\/assitej.pl\/en\/wp-json\/wp\/v2\/pages\/4640","targetHints":{"allow":["GET"]}}],"collection":[{"href":"https:\/\/assitej.pl\/en\/wp-json\/wp\/v2\/pages"}],"about":[{"href":"https:\/\/assitej.pl\/en\/wp-json\/wp\/v2\/types\/page"}],"author":[{"embeddable":true,"href":"https:\/\/assitej.pl\/en\/wp-json\/wp\/v2\/users\/3"}],"replies":[{"embeddable":true,"href":"https:\/\/assitej.pl\/en\/wp-json\/wp\/v2\/comments?post=4640"}],"version-history":[{"count":4,"href":"https:\/\/assitej.pl\/en\/wp-json\/wp\/v2\/pages\/4640\/revisions"}],"predecessor-version":[{"id":4745,"href":"https:\/\/assitej.pl\/en\/wp-json\/wp\/v2\/pages\/4640\/revisions\/4745"}],"up":[{"embeddable":true,"href":"https:\/\/assitej.pl\/en\/wp-json\/wp\/v2\/pages\/4635"}],"wp:attachment":[{"href":"https:\/\/assitej.pl\/en\/wp-json\/wp\/v2\/media?parent=4640"}],"curies":[{"name":"wp","href":"https:\/\/api.w.org\/{rel}","templated":true}]}}